{"id":33052,"date":"2022-09-13T08:09:58","date_gmt":"2022-09-13T08:09:58","guid":{"rendered":"https:\/\/evotek.md\/produse\/fara-categorie\/hartie-de-copt-siliconata-pentru-cuptoare-600x400-mm-st-521400\/"},"modified":"2022-09-13T08:09:58","modified_gmt":"2022-09-13T08:09:58","slug":"hartie-de-copt-siliconata-pentru-cuptoare-600x400-mm-st-521400","status":"publish","type":"product","link":"https:\/\/evotek.md\/ro\/produse\/accesorii-si-inventar-bucatarie\/accesorii-neclasificate\/hartie-de-copt-siliconata-pentru-cuptoare-600x400-mm-st-521400\/","title":{"rendered":"HARTIE DE COPT SILICONATA PENTRU CUPTOARE 600&#215;400 MM -ST-521400"},"content":{"rendered":"<p><strong>HARTIE DE COPT SILICONATA PENTRU CUPTOARE 600&#215;400 MM -ST-521400-<\/strong> H\u00e2rtie de copt siliconat\u0103 pentru pachete 600&#215;400 mm.<br \/>\nH\u00e2rtie de pergament acoperit\u0103 cu silicon pe dou\u0103 fe\u021be pentru coacere, fierbere, congelare \u0219i servire.<\/p>\n<p>Caracteristici<br \/>\nPachet de 500 buc.<br \/>\nParametri: 600&#215;400 mm<br \/>\nPoate fi folosit f\u0103r\u0103 gr\u0103sime<br \/>\nImpermeabil si biodegradabil<\/p>\n","protected":false},"excerpt":{"rendered":"<p>H\u00e2rtie de copt siliconat\u0103 pentru pachete 600&#215;400 mm. Pachet de 500 buc.; Poate fi folosit f\u0103r\u0103 gr\u0103sime; Impermeabil si biodegradabil.<\/p>\n","protected":false},"featured_media":33043,"template":"","meta":[],"_links":{"self":[{"href":"https:\/\/evotek.md\/ro\/wp-json\/wp\/v2\/product\/33052"}],"collection":[{"href":"https:\/\/evotek.md\/ro\/wp-json\/wp\/v2\/product"}],"about":[{"href":"https:\/\/evotek.md\/ro\/wp-json\/wp\/v2\/types\/product"}],"wp:featuredmedia":[{"embeddable":true,"href":"https:\/\/evotek.md\/ro\/wp-json\/wp\/v2\/media\/33043"}],"wp:attachment":[{"href":"https:\/\/evotek.md\/ro\/wp-json\/wp\/v2\/media?parent=33052"}],"curies":[{"name":"wp","href":"https:\/\/api.w.org\/{rel}","templated":true}]}}