{"id":3304,"date":"2020-02-27T15:32:58","date_gmt":"2020-02-27T15:35:19","guid":{"rendered":"https:\/\/evotek.md\/?post_type=product&#038;p=3304"},"modified":"2023-02-24T14:47:49","modified_gmt":"2023-02-24T14:47:49","slug":"m-09300500","status":"publish","type":"product","link":"https:\/\/evotek.md\/ro\/produse\/echipamente-electromecanice\/slicer\/m-09300500\/","title":{"rendered":"SLICER \u00d8 300 mm (felie 1-12 mm) -M-09300500"},"content":{"rendered":"<p><strong>SLICER \u00d8 300 mm (felie 1-12 mm) -M-09300500- <\/strong>Acest feliator profesional are o construc\u021bie solid\u0103 din aluminiu \u0219i un cu\u021bit din inox \u00eent\u0103rit cu diametrul de 300 mm. Feliatorul lucreaz\u0103 aproape selin\u021bios, datorit\u0103 mont\u0103rii \u00eenclinate acest dispozitiv este foarte u\u0219or de utilizat.<\/p>\n<p>Caracteristici<\/p>\n<p>Dimensiuni: 530x330x460 mm<\/p>\n<p>Putere: 230 V \/ 50 Hz \/ 1 faz\u0103 250 W<\/p>\n<p>Viteza cu\u021bitului: 265 rpm<\/p>\n<p>Diametrul cu\u021bitului: \u00d8 300 mm<\/p>\n<p>Greutate net\u0103: 24,3 kg<\/p>\n<p>Grosime de t\u0103iere reglabil\u0103 1-12 mm<\/p>\n","protected":false},"excerpt":{"rendered":"<p>Slicer un diametrul cu\u021bitului de 300 mm. Dimensiuni: 530x330x460 mm; Putere: 230 V \/ 50 Hz \/ 1 faz\u0103 250 W; Viteza lamei: 265 rpm; Diametrul lamei: \u00d8 300 mm; Greutate net\u0103: 24,3 kg; Grosime de t\u0103iere reglabil\u0103 1-12 mm<\/p>\n","protected":false},"featured_media":3297,"template":"","meta":[],"_links":{"self":[{"href":"https:\/\/evotek.md\/ro\/wp-json\/wp\/v2\/product\/3304"}],"collection":[{"href":"https:\/\/evotek.md\/ro\/wp-json\/wp\/v2\/product"}],"about":[{"href":"https:\/\/evotek.md\/ro\/wp-json\/wp\/v2\/types\/product"}],"wp:featuredmedia":[{"embeddable":true,"href":"https:\/\/evotek.md\/ro\/wp-json\/wp\/v2\/media\/3297"}],"wp:attachment":[{"href":"https:\/\/evotek.md\/ro\/wp-json\/wp\/v2\/media?parent=3304"}],"curies":[{"name":"wp","href":"https:\/\/api.w.org\/{rel}","templated":true}]}}