{"id":33033,"date":"2022-09-13T07:39:15","date_gmt":"2022-09-13T07:39:15","guid":{"rendered":"https:\/\/evotek.md\/produse\/fara-categorie\/33033\/"},"modified":"2022-09-13T07:44:10","modified_gmt":"2022-09-13T07:44:10","slug":"st-281252","status":"publish","type":"product","link":"https:\/\/evotek.md\/ro\/produse\/accesorii-si-inventar-bucatarie\/cutite-bucatarie\/st-281252\/","title":{"rendered":"CU\u021aIT DE BUC\u0102T\u0102RIE 250 mm -ST-281252"},"content":{"rendered":"<p><strong>CU\u021aIT DE BUC\u0102T\u0102RIE 250 mm -ST-281252<\/strong>&#8211; Cu\u021bite profesionale de buc\u0103t\u0103rie de calitate european\u0103 pentru hoteluri, restaurante, cafenele \u0219i baruri.<\/p>\n<p>Caracteristici<\/p>\n<p>Lungime: 250 mm<br \/>\nCuloare: verde<br \/>\nMaterial lamei: O\u021bel inoxidabil<\/p>\n","protected":false},"excerpt":{"rendered":"<p>Cu\u021bit de buc\u0103t\u0103rie 250 mm. Culoare: verde; Material lamei: O\u021bel inoxidabil.<\/p>\n","protected":false},"featured_media":33026,"template":"","meta":[],"_links":{"self":[{"href":"https:\/\/evotek.md\/ro\/wp-json\/wp\/v2\/product\/33033"}],"collection":[{"href":"https:\/\/evotek.md\/ro\/wp-json\/wp\/v2\/product"}],"about":[{"href":"https:\/\/evotek.md\/ro\/wp-json\/wp\/v2\/types\/product"}],"wp:featuredmedia":[{"embeddable":true,"href":"https:\/\/evotek.md\/ro\/wp-json\/wp\/v2\/media\/33026"}],"wp:attachment":[{"href":"https:\/\/evotek.md\/ro\/wp-json\/wp\/v2\/media?parent=33033"}],"curies":[{"name":"wp","href":"https:\/\/api.w.org\/{rel}","templated":true}]}}