{"id":33031,"date":"2022-09-13T07:21:32","date_gmt":"2022-09-13T07:21:32","guid":{"rendered":"https:\/\/evotek.md\/produse\/fara-categorie\/cutit-pentru-bucatar-220-mm-st-281214\/"},"modified":"2022-09-13T07:21:32","modified_gmt":"2022-09-13T07:21:32","slug":"cutit-pentru-bucatar-220-mm-st-281214","status":"publish","type":"product","link":"https:\/\/evotek.md\/ro\/produse\/accesorii-si-inventar-bucatarie\/cutite-bucatarie\/cutit-pentru-bucatar-220-mm-st-281214\/","title":{"rendered":"CU\u021aIT PENTRU BUC\u0102TAR 220 mm -ST-281214"},"content":{"rendered":"<p><strong>CU\u021aIT PENTRU BUC\u0102TAR 220 mm -ST-281214<\/strong>&#8211; Cu\u021bite profesionale de buc\u0103t\u0103rie de calitate european\u0103 pentru hoteluri, restaurante, cafenele \u0219i baruri.<\/p>\n<p>Caracteristici<\/p>\n<p>Lungime: 220 mm<\/p>\n<p>Culoare: albastru<\/p>\n<p>Material lamei: otel inoxidabil<\/p>\n","protected":false},"excerpt":{"rendered":"<p>Cu\u021bit pentru buc\u0103tar 220 mm. Culoare: albastru; Material lamei: otel inoxidabil.<\/p>\n","protected":false},"featured_media":33030,"template":"","meta":[],"_links":{"self":[{"href":"https:\/\/evotek.md\/ro\/wp-json\/wp\/v2\/product\/33031"}],"collection":[{"href":"https:\/\/evotek.md\/ro\/wp-json\/wp\/v2\/product"}],"about":[{"href":"https:\/\/evotek.md\/ro\/wp-json\/wp\/v2\/types\/product"}],"wp:featuredmedia":[{"embeddable":true,"href":"https:\/\/evotek.md\/ro\/wp-json\/wp\/v2\/media\/33030"}],"wp:attachment":[{"href":"https:\/\/evotek.md\/ro\/wp-json\/wp\/v2\/media?parent=33031"}],"curies":[{"name":"wp","href":"https:\/\/api.w.org\/{rel}","templated":true}]}}