{"id":33027,"date":"2022-09-13T07:16:04","date_gmt":"2022-09-13T07:16:04","guid":{"rendered":"https:\/\/evotek.md\/produse\/fara-categorie\/cutite-de-bucatarie-haccp-160-mm-st-281152\/"},"modified":"2022-09-13T07:16:04","modified_gmt":"2022-09-13T07:16:04","slug":"cutite-de-bucatarie-haccp-160-mm-st-281152","status":"publish","type":"product","link":"https:\/\/evotek.md\/ro\/produse\/accesorii-si-inventar-bucatarie\/cutite-bucatarie\/cutite-de-bucatarie-haccp-160-mm-st-281152\/","title":{"rendered":"CU\u021aITE DE BUC\u0102T\u0102RIE HACCP 160 mm -ST-281152"},"content":{"rendered":"<p><strong>CU\u021aITE DE BUC\u0102T\u0102RIE HACCP 160 mm -ST-281152<\/strong>&#8211; cu\u021bite profesionale de buc\u0103t\u0103rie de calitate european\u0103 pentru hotele, restaurante, cafenele \u0219i baruri.<\/p>\n<p>Caracteristici<\/p>\n<p>Lungime: 160 mm<\/p>\n<p>Materialul lamei: otel inoxidabil<\/p>\n<p>Poate fi sp\u0103lat \u00een ma\u0219ina de sp\u0103lat vase<\/p>\n<p>Certificat de conformitate: HACCP<\/p>\n<p>Culori: ro\u0219u, verde, galben, albastru, alb, maro<\/p>\n","protected":false},"excerpt":{"rendered":"<div class=\"product-short-description\">\n<p>Cu\u021bite profesionale de buc\u0103t\u0103rie cu lungimea de 160 mm. Culori: ro\u0219u, verde, galben, albastru, alb, maro; Poate fi sp\u0103lat \u00een ma\u0219ina de sp\u0103lat vase; Certificat de conformitate: HACCP.<\/p>\n<\/div>\n","protected":false},"featured_media":33026,"template":"","meta":[],"_links":{"self":[{"href":"https:\/\/evotek.md\/ro\/wp-json\/wp\/v2\/product\/33027"}],"collection":[{"href":"https:\/\/evotek.md\/ro\/wp-json\/wp\/v2\/product"}],"about":[{"href":"https:\/\/evotek.md\/ro\/wp-json\/wp\/v2\/types\/product"}],"wp:featuredmedia":[{"embeddable":true,"href":"https:\/\/evotek.md\/ro\/wp-json\/wp\/v2\/media\/33026"}],"wp:attachment":[{"href":"https:\/\/evotek.md\/ro\/wp-json\/wp\/v2\/media?parent=33027"}],"curies":[{"name":"wp","href":"https:\/\/api.w.org\/{rel}","templated":true}]}}