{"id":33017,"date":"2022-09-12T14:50:11","date_gmt":"2022-09-12T14:50:11","guid":{"rendered":"https:\/\/evotek.md\/produse\/fara-categorie\/masina-de-sigilat-tavi-si-caserole-termosudat\/"},"modified":"2022-09-13T10:06:52","modified_gmt":"2022-09-13T10:06:52","slug":"masina-de-sigilat-tavi-si-caserole-termosudat","status":"publish","type":"product","link":"https:\/\/evotek.md\/ro\/produse\/echipamente-electromecanice\/sigilatoare-elektromehanicheskoe-oborudovanie\/masina-de-sigilat-tavi-si-caserole-termosudat\/","title":{"rendered":"MASINA DE SIGILAT TAVI SI CASEROLE (TERMOSUDAT) 250&#215;180 mm M-09369000"},"content":{"rendered":"<p><strong>MASINA DE SIGILAT TAVI SI CASEROLE (TERMOSUDAT) 250&#215;180 mm M-09369000-<\/strong> Ma\u0219ina de sigilat (termosudat) t\u0103vi \u0219i caserole, este perfect\u0103 pentru ambalarea \u00een recipiente a preparatelor \u0219i produselor alimentare, put\u00e2nd sigila p\u00e2n\u0103 la 6-8 t\u0103vi pe minut.<\/p>\n<p>Caracteristici<br \/>\nPotrivit\u0103 pentru ambalarea diferitelor produse \u0219i meniuri<br \/>\nPerfect\u0103 pentru p\u0103strarea meselor proaspete \u0219i calde pentru livrare<br \/>\nDe asemenea, potrivit\u0103 pentru depozitarea la rece \u0219i \u00eenc\u0103lzirea la loca\u021bie<br \/>\nCapacitate maxim\u0103 de etan\u0219are de 6 \u2013 8 t\u0103vi pe minut<br \/>\nEchipat cu un panou de control digital OMRON de \u00eenalt\u0103 calitate<br \/>\nU\u0219or de utilizat \u0219i u\u0219or de setat cu exactitate<br \/>\nTimp de sigilare de doar c\u00e2teva secunde \u0219i t\u0103iere direct\u0103 a plasticului<br \/>\nSuport util pentru rulou de folie pe partea din spate a ma\u0219inii<br \/>\nConstruc\u021bie \u0219i capac din o\u021bel inoxidabil<br \/>\nForme de aluminiu de cea mai bun\u0103 calitate<br \/>\nMatri\u021bele sunt u\u0219or de schimbat \u0219i de ata\u0219at la suport<br \/>\nO gam\u0103 larg\u0103 de matri\u021be \u00een diferite forme<br \/>\nAlegerea matri\u021belor potrivite pentru 1, 2 sau 3 compartimente<br \/>\nCur\u0103\u021barea \u0219i igienizarea se realizeaz\u0103 u\u0219or<br \/>\nTimp de \u00eenc\u0103lzire de 10 minute<br \/>\nTemperatura maxim\u0103 de etan\u0219are realizabil\u0103: 180 de grade<br \/>\nTemperatura ideal\u0103 de etan\u0219are CPET: 180 grade<br \/>\nTemperatura ideal\u0103 de etan\u0219are PP: 150 de grade<br \/>\nDimensiuni maxime ale t\u0103vii: 250 x 180 mm<br \/>\nL\u0103\u021bimea maxim\u0103 a foliei: 180 mm<br \/>\nGreutate net\u0103: 12 kg<br \/>\nDimensiuni: W630 x D256 x H260 mm<br \/>\nConexiune: 230V \/ 50Hz \/ 1 Faza 700 Watt<br \/>\nIdeal\u0103 pentru ambalare: Meniuri complete; Carne crud\u0103 \u0219i g\u0103tit\u0103; Pe\u0219te \u0219i alte produse marine; Lactate; Legume \u0219i fructe; Produse de orez \u0219i aluat.<\/p>\n","protected":false},"excerpt":{"rendered":"<p>Ma\u0219ina de sigilat. Dimensiuni maxime ale t\u0103vii: 250 x 180 mm; L\u0103\u021bimea maxim\u0103 a foliei: 180 mm; Greutate net\u0103: 12 kg; Dimensiuni: W630 x D256 x H260 mm; 230V \/ 50Hz \/ 1 Faza 700 Watt; Ideal\u0103 pentru ambalare: Meniuri complete; Carne crud\u0103 \u0219i g\u0103tit\u0103; Pe\u0219te \u0219i alte produse marine; Lactate; Legume \u0219i fructe; Produse de orez \u0219i aluat.<\/p>\n","protected":false},"featured_media":33000,"template":"","meta":[],"_links":{"self":[{"href":"https:\/\/evotek.md\/ro\/wp-json\/wp\/v2\/product\/33017"}],"collection":[{"href":"https:\/\/evotek.md\/ro\/wp-json\/wp\/v2\/product"}],"about":[{"href":"https:\/\/evotek.md\/ro\/wp-json\/wp\/v2\/types\/product"}],"wp:featuredmedia":[{"embeddable":true,"href":"https:\/\/evotek.md\/ro\/wp-json\/wp\/v2\/media\/33000"}],"wp:attachment":[{"href":"https:\/\/evotek.md\/ro\/wp-json\/wp\/v2\/media?parent=33017"}],"curies":[{"name":"wp","href":"https:\/\/api.w.org\/{rel}","templated":true}]}}