{"id":32983,"date":"2022-09-12T12:03:08","date_gmt":"2022-09-12T12:03:08","guid":{"rendered":"https:\/\/evotek.md\/produse\/fara-categorie\/container-pentru-pranz-din-inox-3-sectii-m-09367855\/"},"modified":"2022-09-12T12:03:08","modified_gmt":"2022-09-12T12:03:08","slug":"container-pentru-pranz-din-inox-3-sectii-m-09367855","status":"publish","type":"product","link":"https:\/\/evotek.md\/ro\/produse\/accesorii-si-inventar-bucatarie\/containere-pentru-pranz\/container-pentru-pranz-din-inox-3-sectii-m-09367855\/","title":{"rendered":"CONTAINER PENTRU PRANZ DIN INOX CU 3 COMPARTIMENTE -M-09367855"},"content":{"rendered":"<p><strong>CONTAINER PENTRU PRANZ DIN INOX CU 3 COMPARTIMENTE -M-09367855-<\/strong> Acest container pentru pr\u00e2nz din o\u021bel inoxidabil are 3 compartimente convenabile, astfel \u00eenc\u00e2t alimentele s\u0103 poat\u0103 fi depozitate separat \u00een frigider sau congelator. Recipientul este u\u0219or de cur\u0103\u021bat datorit\u0103 \u00eenveli\u0219ului din o\u021bel inoxidabil.<\/p>\n<p>Caracteristici<br \/>\nFinisaj din o\u021bel inoxidabil cu col\u021buri rotunjite<br \/>\nPoate fi spalat in masina de spalat vase<br \/>\nDotat cu 3 compartimente<br \/>\nCapac din plastic disponibil separat<br \/>\nDimensiuni : B240 x D175 x H40 mm<\/p>\n","protected":false},"excerpt":{"rendered":"<p>Cutie pentru pr\u00e2nz din o\u021bel inoxidabil cu trei compartimente. Finisaj din o\u021bel inoxidabil cu col\u021buri rotunjite; Poate fi spalat in masina de spalat vase; Dotat cu 3 compartimente; Capac din plastic disponibil separat; Dimensiuni : B240 x D175 x H40 mm.<\/p>\n","protected":false},"featured_media":32974,"template":"","meta":[],"_links":{"self":[{"href":"https:\/\/evotek.md\/ro\/wp-json\/wp\/v2\/product\/32983"}],"collection":[{"href":"https:\/\/evotek.md\/ro\/wp-json\/wp\/v2\/product"}],"about":[{"href":"https:\/\/evotek.md\/ro\/wp-json\/wp\/v2\/types\/product"}],"wp:featuredmedia":[{"embeddable":true,"href":"https:\/\/evotek.md\/ro\/wp-json\/wp\/v2\/media\/32974"}],"wp:attachment":[{"href":"https:\/\/evotek.md\/ro\/wp-json\/wp\/v2\/media?parent=32983"}],"curies":[{"name":"wp","href":"https:\/\/api.w.org\/{rel}","templated":true}]}}