{"id":32956,"date":"2022-09-12T10:23:21","date_gmt":"2022-09-12T10:23:21","guid":{"rendered":"https:\/\/evotek.md\/produse\/fara-categorie\/toaster-pentru-600-toaste\/"},"modified":"2023-02-28T12:38:40","modified_gmt":"2023-02-28T12:38:40","slug":"toaster-pentru-600-toaste","status":"publish","type":"product","link":"https:\/\/evotek.md\/ro\/produse\/echipamente-termice\/toastere\/toaster-pentru-600-toaste\/","title":{"rendered":"TOASTER TIP TUNEL, 600 FELII PE ORA -EMP.MEK010"},"content":{"rendered":"<p><strong>TOASTER TIP TUNEL, 600 FELII PE ORA -EMP.MEK010-<\/strong> Toaster pentru p\u00e2ine de tip transportor Altezoro; Control termostatic. Usor de curatat si igienic. Plas\u0103 din o\u021bel inoxidabil.<\/p>\n<p>Caracteristici<br \/>\nProductivitate: 600 felii de p\u00e2ine\/or\u0103<br \/>\nControler termostatic<br \/>\nS\u00e2rm\u0103 transportoare \u0219i carcas din o\u021bel inoxidabil<br \/>\nPutere: 3,5 kW<br \/>\nTensiune: 220 V<br \/>\nDimensiuni: 478x600x420 mm<br \/>\nGreutate: 35 kg<\/p>\n","protected":false},"excerpt":{"rendered":"<p>Toaster tip tunel pentru 600 felii de p\u00e2ine pe or\u0103; Controler termostatic; S\u00e2rm\u0103 transportoare \u0219i carcas din o\u021bel inoxidabil; Putere: 3,5 kW; Tensiune: 220 V; Dimensiuni: 478x600x420 mm; Greutate: 35 kg.<\/p>\n","protected":false},"featured_media":32955,"template":"","meta":[],"_links":{"self":[{"href":"https:\/\/evotek.md\/ro\/wp-json\/wp\/v2\/product\/32956"}],"collection":[{"href":"https:\/\/evotek.md\/ro\/wp-json\/wp\/v2\/product"}],"about":[{"href":"https:\/\/evotek.md\/ro\/wp-json\/wp\/v2\/types\/product"}],"wp:featuredmedia":[{"embeddable":true,"href":"https:\/\/evotek.md\/ro\/wp-json\/wp\/v2\/media\/32955"}],"wp:attachment":[{"href":"https:\/\/evotek.md\/ro\/wp-json\/wp\/v2\/media?parent=32956"}],"curies":[{"name":"wp","href":"https:\/\/api.w.org\/{rel}","templated":true}]}}