{"id":3293,"date":"2020-02-27T15:08:22","date_gmt":"2020-02-27T15:10:16","guid":{"rendered":"https:\/\/evotek.md\/?post_type=product&#038;p=3293"},"modified":"2023-03-09T09:52:42","modified_gmt":"2023-03-09T09:52:42","slug":"masina-de-umplut-carnati-12-l-verticala-m-09300464","status":"publish","type":"product","link":"https:\/\/evotek.md\/ro\/produse\/echipamente-electromecanice\/masina-de-umplut-carnati\/masina-de-umplut-carnati-12-l-verticala-m-09300464\/","title":{"rendered":"MASINA DE UMPLUT CARNATI, MANUALA, 12 LITRI (vertical) -M-09300464"},"content":{"rendered":"<p><strong>MASINA DE UMPLUT CARNATI, MANUALA, 12 LITRI (vertical) -M-09300464-<\/strong> Este destinat form\u0103rii c\u00e2rna\u021bilor folosind carne tocat\u0103 preparat\u0103. Toate elementele de baz\u0103 sunt fabricate din inox de \u00eenalt\u0103 calitate. Capacitatea recipientului pentru carne tocat\u0103, de asemenea din o\u021bel inoxidabil, este de 12 de litri. Dispozitivul include 4 duze cu diametrul: 16, 22, 32 \u0438 38 mm. Ideal pentru utilizarea \u00een hoteluri, restaurante, cantine \u0219i altele.<\/p>\n<p>Caracteristici<\/p>\n<p>Parametri: 330x300x630 mm<\/p>\n<p>Greutate net\u0103: 15 kg<\/p>\n<p>Dimensiuni cilindrului: 219&#215;320 mm<\/p>\n<p>&nbsp;<\/p>\n","protected":false},"excerpt":{"rendered":"<p>Ma\u0219in\u0103 automat\u0103 de umplut c\u00e2rna\u021bi, cu capacitatea recipientului pentru carne tocat\u0103 de 12 litri. Modelul are dimensiuni de 330x300x630 mm. Greutate &#8211; 12 kg; Dimensiuni cilindrului: 219&#215;320 mm.<\/p>\n","protected":false},"featured_media":3286,"template":"","meta":[],"_links":{"self":[{"href":"https:\/\/evotek.md\/ro\/wp-json\/wp\/v2\/product\/3293"}],"collection":[{"href":"https:\/\/evotek.md\/ro\/wp-json\/wp\/v2\/product"}],"about":[{"href":"https:\/\/evotek.md\/ro\/wp-json\/wp\/v2\/types\/product"}],"wp:featuredmedia":[{"embeddable":true,"href":"https:\/\/evotek.md\/ro\/wp-json\/wp\/v2\/media\/3286"}],"wp:attachment":[{"href":"https:\/\/evotek.md\/ro\/wp-json\/wp\/v2\/media?parent=3293"}],"curies":[{"name":"wp","href":"https:\/\/api.w.org\/{rel}","templated":true}]}}