{"id":32750,"date":"2022-09-07T11:53:56","date_gmt":"2022-09-07T11:53:56","guid":{"rendered":"https:\/\/evotek.md\/produse\/fara-categorie\/masa-din-inox-cu-polita-si-bordur-la-perete-1800x600x850-mm-sv-4\/"},"modified":"2022-09-07T11:53:56","modified_gmt":"2022-09-07T11:53:56","slug":"masa-din-inox-cu-polita-si-bordur-la-perete-1800x600x850-mm-sv-4","status":"publish","type":"product","link":"https:\/\/evotek.md\/ro\/produse\/mobila-din-inox\/mese-din-inox\/mese-din-inox-sudate\/masa-din-inox-cu-polita-si-bordur-la-perete-1800x600x850-mm-sv-4\/","title":{"rendered":"MASA DIN INOX CU POLITA SI BORDUR LA PERETE 1800x600x850 mm-SV-4"},"content":{"rendered":"<p><strong>MASA DIN INOX CU POLITA SI BORDUR LA PERETE 1800x600x850 mm-SV-4- <\/strong>Masa de produc\u021bie din o\u021bel inoxidabil este utilizat\u0103 pentru prelucrarea produselor, instalarea inventarului \u0219i echipamentelor. Fabricat din o\u021bel inoxidabil alimentar, blat din interior armat cu o foaie de PAL. Picioarele sunt reglabile pe \u00een\u0103l\u021bime.<\/p>\n<div>Caracteristici<\/div>\n<div><\/div>\n<div>Parametri (l\/l\/a): 1800x600x850 mm<\/div>\n<div><\/div>\n<div>*Mas\u0103 din inox pentru producere poate fi realizat\u0103 dup\u0103 m\u0103rimi individuale.<\/div>\n<p>&nbsp;<\/p>\n","protected":false},"excerpt":{"rendered":"<div class=\"product-short-description\">\n<p>Mas\u0103 din inox cu polita si bordur la perete. Parametri (l\/l\/a): 1800x600x850 mm<\/p>\n<\/div>\n","protected":false},"featured_media":32729,"template":"","meta":[],"_links":{"self":[{"href":"https:\/\/evotek.md\/ro\/wp-json\/wp\/v2\/product\/32750"}],"collection":[{"href":"https:\/\/evotek.md\/ro\/wp-json\/wp\/v2\/product"}],"about":[{"href":"https:\/\/evotek.md\/ro\/wp-json\/wp\/v2\/types\/product"}],"wp:featuredmedia":[{"embeddable":true,"href":"https:\/\/evotek.md\/ro\/wp-json\/wp\/v2\/media\/32729"}],"wp:attachment":[{"href":"https:\/\/evotek.md\/ro\/wp-json\/wp\/v2\/media?parent=32750"}],"curies":[{"name":"wp","href":"https:\/\/api.w.org\/{rel}","templated":true}]}}