{"id":3265,"date":"2020-02-27T13:51:14","date_gmt":"2020-02-27T13:52:54","guid":{"rendered":"https:\/\/evotek.md\/?post_type=product&#038;p=3265"},"modified":"2023-02-23T15:02:34","modified_gmt":"2023-02-23T15:02:34","slug":"remta-ps08","status":"publish","type":"product","link":"https:\/\/evotek.md\/ro\/produse\/echipamente-pentru-bar-si-cafea\/storcatoare-manuale\/remta-ps08\/","title":{"rendered":"STORCATOR MANUAL DE CITRICE \u00d8115 mm -REMTA-PS08"},"content":{"rendered":"<p><strong>STORCATOR MANUAL DE CITRICE \u00d8115 mm -REMTA-PS08- <\/strong>Pres\u0103 mecanic\u0103 pentru ob\u021binerea sucului de portocale, grapefruit sau rodie. Presare de p\u00e2n\u0103 la 90 kg asigur\u0103 stoarcerea maxim\u0103 a sucului cu un reziduu minim de pulp\u0103. Conul este din inox. Carcasa din aluminiu anodizat. Picioarele din cauciuc ofer\u0103 stabilitate \u0219i u\u0219urin\u021b\u0103 suficient\u0103.<\/p>\n<p>Caracteristici<\/p>\n<p>Dimensiuni: 185x250x510 mm<\/p>\n<p>Greutate: 5,6 kg<\/p>\n<p>For\u021b\u0103 presare p\u00e2n\u0103 la 90 kg<\/p>\n<p>&nbsp;<\/p>\n","protected":false},"excerpt":{"rendered":"<p>Pres\u0103 mecanic\u0103 pentru citrice cu diametrul bolului de 115 mm. Dimensiuni: 185x250x510 mm; Greutate: 5,6 kg; For\u021b\u0103 de str\u00e2ngere de p\u00e2n\u0103 la 90 kg.<\/p>\n","protected":false},"featured_media":3264,"template":"","meta":[],"_links":{"self":[{"href":"https:\/\/evotek.md\/ro\/wp-json\/wp\/v2\/product\/3265"}],"collection":[{"href":"https:\/\/evotek.md\/ro\/wp-json\/wp\/v2\/product"}],"about":[{"href":"https:\/\/evotek.md\/ro\/wp-json\/wp\/v2\/types\/product"}],"wp:featuredmedia":[{"embeddable":true,"href":"https:\/\/evotek.md\/ro\/wp-json\/wp\/v2\/media\/3264"}],"wp:attachment":[{"href":"https:\/\/evotek.md\/ro\/wp-json\/wp\/v2\/media?parent=3265"}],"curies":[{"name":"wp","href":"https:\/\/api.w.org\/{rel}","templated":true}]}}