{"id":32642,"date":"2022-09-06T08:15:18","date_gmt":"2022-09-06T08:15:18","guid":{"rendered":"https:\/\/evotek.md\/produse\/fara-categorie\/lavoar-autonom-ap-15-inox\/"},"modified":"2022-09-07T13:51:21","modified_gmt":"2022-09-07T13:51:21","slug":"lavoar-autonom-ap-15-inox","status":"publish","type":"product","link":"https:\/\/evotek.md\/ro\/produse\/utilaje-pentru-spalare-vase\/dispozitiv-de-clatire\/lavoar-autonom-ap-15-inox\/","title":{"rendered":"LAVOAR AUTONOM DIN INOX 440x500x960 -AR-15"},"content":{"rendered":"<p><strong>LAVOAR AUTONOM DIN INOX 440x500x960 -AR-15 INOX-<\/strong> Lavoarul autonom AP-15 incalzit este proiectat sa functioneze in conditii in care nu este posibila racordarea la alimentarea cu apa si canalizare. Chivotul de sine st\u0103t\u0103tor va fi apreciat \u00een special de v\u00e2nz\u0103torii ambulan\u021bi, de fast-food \u0219i de comercian\u021bii ambulan\u021bi.<\/p>\n<p>Particularitati:<br \/>\nCorpul lavoarului este realizat din otel inoxidabil.<br \/>\nAp\u0103 dintr-un recipient de 15 litri. alimentat de o pomp\u0103 care poate fi alimentat\u0103 de o baterie de 12V.<br \/>\nTemperatura setat\u0103 a apei este men\u021binut\u0103 automat prin intermediul unui regulator de temperatur\u0103.<br \/>\nChiuveta \u00eenc\u0103lzit\u0103 AR-15 Inox func\u021bioneaz\u0103 ca o chiuvet\u0103 obi\u0219nuit\u0103 de uz casnic &#8211; simplu \u0219i fiabil.<br \/>\n\u00cen doar 8 min. un rezervor plin de ap\u0103 este \u00eenc\u0103lzit p\u00e2n\u0103 la 40 C.<\/p>\n<p>Caracteristici<br \/>\nMaterial carcasa: otel inoxidabil<br \/>\nTimp de \u00eenc\u0103lzire la 40 C: 8 min<br \/>\nVolumul rezervorului de ap\u0103: 15 l<br \/>\nTermostat: 0\u2026 +90 \u0421<br \/>\nTensiune: 230V<br \/>\nPutere: 1,1 kW<br \/>\nDimensiuni: 440x500x960 mm<br \/>\nGreutate: 30 kg<\/p>\n","protected":false},"excerpt":{"rendered":"<p>Lavoar autonom cu incalzitor. Material carcasa: otel inoxidabil; Timp de \u00eenc\u0103lzire la 40 C: 8 min; Volumul rezervorului de ap\u0103: 15 l; Termostat: 0\u2026 +90 \u0421; Tensiune: 230V; Putere: 1,1 kW; Dimensiuni: 440x500x960 mm; Greutate: 30 kg.<\/p>\n","protected":false},"featured_media":32777,"template":"","meta":[],"_links":{"self":[{"href":"https:\/\/evotek.md\/ro\/wp-json\/wp\/v2\/product\/32642"}],"collection":[{"href":"https:\/\/evotek.md\/ro\/wp-json\/wp\/v2\/product"}],"about":[{"href":"https:\/\/evotek.md\/ro\/wp-json\/wp\/v2\/types\/product"}],"wp:featuredmedia":[{"embeddable":true,"href":"https:\/\/evotek.md\/ro\/wp-json\/wp\/v2\/media\/32777"}],"wp:attachment":[{"href":"https:\/\/evotek.md\/ro\/wp-json\/wp\/v2\/media?parent=32642"}],"curies":[{"name":"wp","href":"https:\/\/api.w.org\/{rel}","templated":true}]}}