{"id":32620,"date":"2022-09-06T07:39:11","date_gmt":"2022-09-06T07:39:11","guid":{"rendered":"https:\/\/evotek.md\/produse\/fara-categorie\/tigaie-basculanta-ce-70-2\/"},"modified":"2023-03-02T09:19:39","modified_gmt":"2023-03-02T09:19:39","slug":"tigaie-basculanta-ce-70-2","status":"publish","type":"product","link":"https:\/\/evotek.md\/ro\/produse\/echipamente-termice\/tigaie-basculanta\/tigaie-basculanta-ce-70-2\/","title":{"rendered":"TIGAIE BASCULANTA ELECTRICA, 70 LITRI -SE-70.2"},"content":{"rendered":"<p><strong>TIGAIE BASCULANTA ELECTRICA, 70 LITRI -SE-70.2-<\/strong> O tigaie electrica cu vas basculant din fonta este conceputa pentru prajirea alimentelor in unitatile de alimentatie publica.<\/p>\n<p>Facilitati:<br \/>\nSuprafa\u021ba de lucru, capacul \u0219i panoul de control sunt realizate din o\u021bel inoxidabil.<br \/>\nMaterial bol: font\u0103, grosime 10 mm.<br \/>\nCapacul tigaii este fixat ferm \u00een orice pozi\u021bie cu un z\u0103vor.<br \/>\nTigaia este echipata cu un sistem de compensare a greutatii capacului pentru a facilita ridicarea acesteia.<br \/>\nForma special\u0103 a m\u00e2nerului asigur\u0103 acces facil atunci c\u00e2nd capacul este deschis.<br \/>\nCapacul este echipat cu protectie impotriva scurgerii de condens in afara vasului.<\/p>\n<p>Caracteristici<br \/>\nVolum bol: 70 l<br \/>\nDimensiunea bolului interior: 940x580x170 mm<br \/>\nmaterial bol: font\u0103<br \/>\nControlul temperaturii: 50-300 C<br \/>\nMecanism de basculare: manual<br \/>\nTensiune: 380V<br \/>\nPutere 9,5 kW<br \/>\nDimensiuni: 1405x830x885 mm<br \/>\nGreutate: 240 kg<\/p>\n","protected":false},"excerpt":{"rendered":"<p>Tigaie basculanta.Volum bol: 70 l; Dimensiunea bolului interior: 940x580x170 mm<br \/>\nmaterial bol: font\u0103; Controlul temperaturii: 50-300 C; Mecanism de basculare: manual; Tensiune: 380V; Putere 9,5 kW; Dimensiuni: 1405x830x885 mm; Greutate: 240 kg.<\/p>\n","protected":false},"featured_media":32597,"template":"","meta":[],"_links":{"self":[{"href":"https:\/\/evotek.md\/ro\/wp-json\/wp\/v2\/product\/32620"}],"collection":[{"href":"https:\/\/evotek.md\/ro\/wp-json\/wp\/v2\/product"}],"about":[{"href":"https:\/\/evotek.md\/ro\/wp-json\/wp\/v2\/types\/product"}],"wp:featuredmedia":[{"embeddable":true,"href":"https:\/\/evotek.md\/ro\/wp-json\/wp\/v2\/media\/32597"}],"wp:attachment":[{"href":"https:\/\/evotek.md\/ro\/wp-json\/wp\/v2\/media?parent=32620"}],"curies":[{"name":"wp","href":"https:\/\/api.w.org\/{rel}","templated":true}]}}