{"id":3260,"date":"2020-02-27T13:44:27","date_gmt":"2020-02-27T13:46:09","guid":{"rendered":"https:\/\/evotek.md\/?post_type=product&#038;p=3260"},"modified":"2023-03-09T10:21:48","modified_gmt":"2023-03-09T10:21:48","slug":"mixer-planetar-mpm-7l-white","status":"publish","type":"product","link":"https:\/\/evotek.md\/ro\/produse\/echipamente-electromecanice\/mixer-planetar\/mixer-planetar-mpm-7l-white\/","title":{"rendered":"MIXER PLANETAR, 7 LITRI (alb) -M-09300154"},"content":{"rendered":"<p><strong>MIXER PLANETAR, 7 LITRI (alb) -M-09300154-<\/strong> Acesta este un mixer puternic planetar. Aparatul \u00een stilul \u201eclasic alb\u201d nu va aduce prea mult zgomot \u00een buc\u0103t\u0103ria dvs., deoarece este foarte lini\u0219tit, \u00een ciuda vitezei maxime ridicate. Acest mixer planetar are o carcas\u0103 metalic\u0103 robust\u0103, cu o acoperire rezistent\u0103 la zg\u00e2rieturi. Acest aparat de buc\u0103t\u0103rie Maxima c\u00e2nt\u0103re\u0219te 17 kilograme. Nu trebuie s\u0103 v\u0103 fie team\u0103 c\u0103 nu ve\u021bi putea cur\u0103\u021ba corect acest mixer planetar, deoarece este foarte u\u0219or de cur\u0103\u021bat. Pute\u021bi amesteca perfect ingredientele folosind acest mixer planetar. Mixerul are un vas robust de 7 litri din inox.<\/p>\n<p>Caracteristici<\/p>\n<p>Dimensiuni: 240x425x425 mm<\/p>\n<p>Tensiune: 230 V \/ 50 Hz \/ 1 faz\u0103 350 W<\/p>\n<p>Greutate net\u0103: 17 kg<\/p>\n<p>Puternic mixer planetar<\/p>\n<p>Bol rezistent din o\u021bel inoxidabil 7,0 L<\/p>\n<p>11 viteze diferite: 100 &#8211; 938 rpm<\/p>\n<p>Ma\u0219in\u0103 puternic\u0103 cu vitez\u0103 mare<\/p>\n<p>Capul rotativ cu blocare<\/p>\n<p>\u00centrerup\u0103tor de siguran\u021b\u0103 \u00een capul ma\u0219inii<\/p>\n<p>Scut din plastic cu gaur\u0103<\/p>\n<p>Butoanele de pornire \u0219i oprire separate<\/p>\n<p>Carcas\u0103 din font\u0103 rezistent\u0103 la zg\u00e2rieturi<\/p>\n<p>Foarte u\u0219or de cur\u0103\u021bat<\/p>\n<p>&nbsp;<\/p>\n<p>&nbsp;<\/p>\n","protected":false},"excerpt":{"rendered":"<p>Mixer planetar cu un volum de 7 litri. Dimensiuni: 240x425x425 mm; Tensiune: 230 V \/ 50 Hz \/ 1 faz\u0103 350 W; Greutate net\u0103: 17 kg; 11 viteze diferite: 100 &#8211; 938 rpm.<\/p>\n<p>&nbsp;<\/p>\n","protected":false},"featured_media":3249,"template":"","meta":[],"_links":{"self":[{"href":"https:\/\/evotek.md\/ro\/wp-json\/wp\/v2\/product\/3260"}],"collection":[{"href":"https:\/\/evotek.md\/ro\/wp-json\/wp\/v2\/product"}],"about":[{"href":"https:\/\/evotek.md\/ro\/wp-json\/wp\/v2\/types\/product"}],"wp:featuredmedia":[{"embeddable":true,"href":"https:\/\/evotek.md\/ro\/wp-json\/wp\/v2\/media\/3249"}],"wp:attachment":[{"href":"https:\/\/evotek.md\/ro\/wp-json\/wp\/v2\/media?parent=3260"}],"curies":[{"name":"wp","href":"https:\/\/api.w.org\/{rel}","templated":true}]}}