{"id":32508,"date":"2022-09-01T14:52:50","date_gmt":"2022-09-01T14:52:50","guid":{"rendered":"https:\/\/evotek.md\/produse\/fara-categorie\/masa-masa-de-spalat-vase-cu-perete-spate-120x75-cm-stanga-m-09201037\/"},"modified":"2022-09-02T08:04:14","modified_gmt":"2022-09-02T08:04:14","slug":"masa-masa-de-spalat-vase-cu-perete-spate-120x75-cm-stanga-m-09201037","status":"publish","type":"product","link":"https:\/\/evotek.md\/ro\/produse\/mobila-din-inox\/mese-din-inox\/mese-pentru-masina-de-spalat-vase\/masa-masa-de-spalat-vase-cu-perete-spate-120x75-cm-stanga-m-09201037\/","title":{"rendered":"MASA PENTRU MASINA DE SPALAT VASE CU BORDUR LA PERETE 120&#215;75 cm (st\u00e2nga) M-09201037"},"content":{"rendered":"<p><strong>MASA PENTRU MASINA DE SPALAT VASE CU BORDUR LA PERETE 120&#215;75 cm (st\u00e2nga) M-09201037-<\/strong> Maximiza\u021bi-v\u0103 experien\u021ba de sp\u0103lat vase conect\u00e2nd o mas\u0103 pentru ma\u0219in\u0103 de sp\u0103lat vase cu chiuvet\u0103 la un du\u0219 pre-cl\u0103tire sau la o ma\u0219in\u0103 de sp\u0103lat vase. In acest fel, te vei putea asigura ca masina de spalat vase este folosita cat mai eficient.<\/p>\n<p>Caracteristici<br \/>\nProtec\u021bie convenabil\u0103 \u00eempotriva stropilor pe spate \u0219i laterale<br \/>\nConstruc\u021bie durabil\u0103 din o\u021bel inoxidabil<br \/>\nRaft pentru depozitarea, de exemplu, co\u0219uri suplimentare sau detergent<br \/>\nConectare u\u0219oar\u0103 la ma\u0219ina de sp\u0103lat vase<br \/>\nDimensiuni: L120 x A75 x H85cm<\/p>\n","protected":false},"excerpt":{"rendered":"<p>Masa pentru masina de spalat vase cu bordur la perete (stanga). Protec\u021bie convenabil\u0103 \u00eempotriva stropilor pe spate \u0219i laterale; Construc\u021bie durabil\u0103 din o\u021bel inoxidabil; Raft pentru depozitarea, de exemplu, co\u0219uri suplimentare sau detergent; Conectare u\u0219oar\u0103 la ma\u0219ina de sp\u0103lat vase; Dimensiuni: L120 x A75 x H85cm.<\/p>\n","protected":false},"featured_media":32488,"template":"","meta":[],"_links":{"self":[{"href":"https:\/\/evotek.md\/ro\/wp-json\/wp\/v2\/product\/32508"}],"collection":[{"href":"https:\/\/evotek.md\/ro\/wp-json\/wp\/v2\/product"}],"about":[{"href":"https:\/\/evotek.md\/ro\/wp-json\/wp\/v2\/types\/product"}],"wp:featuredmedia":[{"embeddable":true,"href":"https:\/\/evotek.md\/ro\/wp-json\/wp\/v2\/media\/32488"}],"wp:attachment":[{"href":"https:\/\/evotek.md\/ro\/wp-json\/wp\/v2\/media?parent=32508"}],"curies":[{"name":"wp","href":"https:\/\/api.w.org\/{rel}","templated":true}]}}