{"id":32501,"date":"2022-09-01T14:22:38","date_gmt":"2022-09-01T14:22:38","guid":{"rendered":"https:\/\/evotek.md\/produse\/fara-categorie\/masa-masa-de-spalat-vase-cu-perete-spate-m-09201036\/"},"modified":"2022-09-01T14:34:43","modified_gmt":"2022-09-01T14:34:43","slug":"masa-masa-de-spalat-vase-cu-perete-spate-m-09201036","status":"publish","type":"product","link":"https:\/\/evotek.md\/ro\/produse\/mobila-din-inox\/mese-din-inox\/mese-pentru-masina-de-spalat-vase\/masa-masa-de-spalat-vase-cu-perete-spate-m-09201036\/","title":{"rendered":"MASA PENTRU MASINA DE SPALAT VASE CU BORDUR LA PERETE (stanga) M-09201036"},"content":{"rendered":"<p><strong>MASA PENTRU MASINA DE SPALAT VASE CU BORDUR LA PERETE (stanga) M-09201036-<\/strong> Scapa rapid si eficient de vasele murdare intr-o bucatarie profesionala cu ajutorul unei chiuvete. Dedic\u00e2nd un loc pentru vasele murdare, crea\u021bi o vedere clar\u0103 asupra buc\u0103t\u0103riei. Folosind masa de cl\u0103tire, pute\u021bi colecta vasele, le pute\u021bi cl\u0103ti \u00een prealabil \u0219i le pute\u021bi sp\u0103la \u00eentr-un singur loc. \u00cen plus, chiuveta este u\u0219or de conectat la du\u0219ul de pre-cl\u0103tire \u0219i la ma\u0219ina de sp\u0103lat vase.<\/p>\n<p>Include raft pentru depozitare suplimentar\u0103<br \/>\nAceast\u0103 mas\u0103 profesional\u0103 de sp\u0103lat vase cu chiuvet\u0103 este realizat\u0103 din o\u021bel inoxidabil de \u00eenalt\u0103 calitate \u0219i are un panou din spate convenabil pe lateral \u0219i pe spate. \u00cen partea de jos a chiuvetei exist\u0103 un raft pentru depozitarea articolelor precum co\u0219uri pentru vase \u0219i detergent. Aceast\u0103 mas\u0103 de sp\u0103lat vase are o chiuvet\u0103 \u00een mijloc.<\/p>\n<p>Blat neted din o\u021bel inoxidabil<br \/>\nChiuveta are un blat neted din o\u021bel inoxidabil \u0219i poate rezista la o sarcin\u0103 de 150 p\u00e2n\u0103 la 200 kg. Datorita suprafetei netede, chiuveta este usor de curatat. Utiliza\u021bi o c\u00e2rp\u0103 umed\u0103, ap\u0103 cald\u0103 \u0219i detergent slab. Pentru a evita urmele, \u0219terge\u021bi chiuveta cu o c\u00e2rp\u0103 moale \u0219i uscat\u0103.<\/p>\n<p>Caracteristici<br \/>\nMasa de admisie din otel inoxidabil de inalta calitate<br \/>\nConectare u\u0219oar\u0103 cu ma\u0219ina de sp\u0103lat vase push-pull<br \/>\nProtec\u021bie convenabil\u0103 \u00eempotriva inunda\u021biilor laterale \u0219i din spate<br \/>\nRaft din o\u021bel inoxidabil pentru depozitare, de exemplu, co\u0219uri \u0219i detergen\u021bi<br \/>\nDimensiuni: L900 x D750 x H850 mm<\/p>\n","protected":false},"excerpt":{"rendered":"<p>Masa pentru masina de spalat vase cu bordur la perete (stanga). Dimensiuni: L900 x D750 x H850 mm<\/p>\n","protected":false},"featured_media":32488,"template":"","meta":[],"_links":{"self":[{"href":"https:\/\/evotek.md\/ro\/wp-json\/wp\/v2\/product\/32501"}],"collection":[{"href":"https:\/\/evotek.md\/ro\/wp-json\/wp\/v2\/product"}],"about":[{"href":"https:\/\/evotek.md\/ro\/wp-json\/wp\/v2\/types\/product"}],"wp:featuredmedia":[{"embeddable":true,"href":"https:\/\/evotek.md\/ro\/wp-json\/wp\/v2\/media\/32488"}],"wp:attachment":[{"href":"https:\/\/evotek.md\/ro\/wp-json\/wp\/v2\/media?parent=32501"}],"curies":[{"name":"wp","href":"https:\/\/api.w.org\/{rel}","templated":true}]}}