{"id":32484,"date":"2022-09-01T12:13:31","date_gmt":"2022-09-01T12:13:31","guid":{"rendered":"https:\/\/evotek.md\/produse\/fara-categorie\/aparat-pentru-waffle-patrat-4-buc-m-09374202\/"},"modified":"2023-03-03T11:53:46","modified_gmt":"2023-03-03T11:53:46","slug":"aparat-pentru-waffle-patrat-4-buc-m-09374202","status":"publish","type":"product","link":"https:\/\/evotek.md\/ro\/produse\/echipamente-pentru-fast-food\/aparate-pentru-vafe\/aparat-pentru-waffle-patrat-4-buc-m-09374202\/","title":{"rendered":"APARAT ELECTRIC PENTRU VAFE BELGIENE, 4 BUCATI (PATRAT) -M-09374202"},"content":{"rendered":"<p><strong>APARAT ELECTRIC PENTRU VAFE BELGIENE, 4 BUCATI (PATRAT) -M-09374202- <\/strong>Cu aparatul de mini vafe, po\u021bi coace rapid \u0219i u\u0219or 4 mini vafe p\u0103trate. Aparatul de vafe este de \u00eenalt\u0103 calitate \u0219i potrivit pentru uz profesional \u00een catering \u0219i patiserii vechi olandeze. Mini aparatul de vafe are o tigaie antiaderent\u0103 din aluminiu. Partea exterioar\u0103 este realizat\u0103 din o\u021bel inoxidabil \u0219i este u\u0219or de cur\u0103\u021bat. Minimasina de vafe are un element de incalzire puternic, cu ajutorul caruia forma se incalzeste rapid si se mentine usor la cald.<\/p>\n<p>Caracteristici<br \/>\nFiabil \u0219i u\u0219or de operat<br \/>\nProducerea rapid\u0103 a 4 mini vafe \u00een acela\u0219i timp<br \/>\nTigaie din aluminiu cu acoperire antiaderenta<br \/>\nTermostat variabil de la 50 \u00b0C la 300 \u00b0C<br \/>\nEchipat cu cronometru<br \/>\nIndicator de temperatur\u0103<br \/>\nM\u00e2ner durabil<br \/>\nPrevazut cu tava de picurare<br \/>\nSt\u0103 pe 4 picioare din o\u021bel inoxidabil<br \/>\nConstruc\u021bie foarte durabil\u0103<br \/>\nDesign igienic<br \/>\nGreutate neta: 11 kg<br \/>\nDimensiuni p\u0103trate: L113 x D113 x H14 mm<br \/>\nDimensiuni aparat: L300 x D380 x H260 mm<br \/>\nPutere electrica totala: 1,75 kW<br \/>\nConexiune: 230 V \/ 50 Hz \/ 1 faza 1750 W<\/p>\n","protected":false},"excerpt":{"rendered":"<p>Aparat pentru 4 waffle, forma patrat. Greutate neta: 11 kg; Dimensiuni p\u0103trate: L113 x D113 x H14 mm; Dimensiuni aparat: L300 x D380 x H260 mm; Putere electrica totala: 1,75 kW; Conexiune: 230 V \/ 50 Hz \/ 1 faza 1750 W.<\/p>\n","protected":false},"featured_media":32471,"template":"","meta":[],"_links":{"self":[{"href":"https:\/\/evotek.md\/ro\/wp-json\/wp\/v2\/product\/32484"}],"collection":[{"href":"https:\/\/evotek.md\/ro\/wp-json\/wp\/v2\/product"}],"about":[{"href":"https:\/\/evotek.md\/ro\/wp-json\/wp\/v2\/types\/product"}],"wp:featuredmedia":[{"embeddable":true,"href":"https:\/\/evotek.md\/ro\/wp-json\/wp\/v2\/media\/32471"}],"wp:attachment":[{"href":"https:\/\/evotek.md\/ro\/wp-json\/wp\/v2\/media?parent=32484"}],"curies":[{"name":"wp","href":"https:\/\/api.w.org\/{rel}","templated":true}]}}