{"id":32443,"date":"2022-08-30T12:52:14","date_gmt":"2022-08-30T12:52:14","guid":{"rendered":"https:\/\/evotek.md\/produse\/fara-categorie\/ascutitor-de-cutite-m-09300202\/"},"modified":"2022-08-30T12:52:14","modified_gmt":"2022-08-30T12:52:14","slug":"ascutitor-de-cutite-m-09300202","status":"publish","type":"product","link":"https:\/\/evotek.md\/ro\/produse\/accesorii-si-inventar-bucatarie\/cutite-bucatarie\/ascutitor-de-cutite-m-09300202\/","title":{"rendered":"ASCU\u021aITOR DE CU\u021aITE M-09300202"},"content":{"rendered":"<p><strong>ASCU\u021aITOR DE CU\u021aITE M-09300202<\/strong>&#8211; Cu acest ascu\u021bitor sigur, cu\u021bitele de buc\u0103t\u0103rie profesionale devin din nou ascu\u021bite dup\u0103 ce le-au trecut de mai multe ori prin orificiul de ascu\u021bit.<\/p>\n<p>Ascu\u021bitorul de cu\u021bite este u\u0219or de utilizat. Pur \u0219i simplu a\u0219eza\u021bi-l pe o suprafa\u021b\u0103 stabil\u0103, cum ar fi o mas\u0103 sau un banc de lucru \u0219i fixa\u021bi-l cu ventuz\u0103. Apoi trece\u021bi cu\u021bitul prin orificiul de ascu\u021bit de mai multe ori, dup\u0103 care cu\u021bitul va deveni din nou ascu\u021bit. Astfel vei putea folosi cu\u021bitele de buc\u0103t\u0103rie ani de zile f\u0103r\u0103 a fi nevoie s\u0103 cumperi altele noi.<\/p>\n","protected":false},"excerpt":{"rendered":"<p>Ascu\u021bitor de cu\u021bite.<\/p>\n","protected":false},"featured_media":32442,"template":"","meta":[],"_links":{"self":[{"href":"https:\/\/evotek.md\/ro\/wp-json\/wp\/v2\/product\/32443"}],"collection":[{"href":"https:\/\/evotek.md\/ro\/wp-json\/wp\/v2\/product"}],"about":[{"href":"https:\/\/evotek.md\/ro\/wp-json\/wp\/v2\/types\/product"}],"wp:featuredmedia":[{"embeddable":true,"href":"https:\/\/evotek.md\/ro\/wp-json\/wp\/v2\/media\/32442"}],"wp:attachment":[{"href":"https:\/\/evotek.md\/ro\/wp-json\/wp\/v2\/media?parent=32443"}],"curies":[{"name":"wp","href":"https:\/\/api.w.org\/{rel}","templated":true}]}}