{"id":3235,"date":"2020-02-27T12:25:33","date_gmt":"2020-02-27T12:25:33","guid":{"rendered":"https:\/\/evotek.md\/?post_type=product&#038;p=3235"},"modified":"2021-07-14T08:14:17","modified_gmt":"2021-07-14T08:14:17","slug":"granitor-hkn-mt1","status":"publish","type":"product","link":"https:\/\/evotek.md\/ro\/produse\/echipamente-frigorifice\/granitoare\/granitor-hkn-mt1\/","title":{"rendered":"GRANITOR 15 l -HKN-MT1"},"content":{"rendered":"<p><strong>GRANITOR<\/strong> <strong>15 l -HKN-MT1- <\/strong>este destinat \u00eenghe\u021b\u0103rii sucurilor, cocktail-urilor cu alcool sc\u0103zut, p\u00e2n\u0103 la o stare de mas\u0103 groas\u0103, \u00eenz\u0103pezit\u0103, \u00een concordan\u021b\u0103 similar\u0103 cu \u201ez\u0103pada umed\u0103\u201d. O astfel de b\u0103utur\u0103 minunat\u0103 potole\u0219te perfect setea \u0219i este un deliciu popular \u00een cafenelele stradale, baruri, \u00eentreprinderi de fast-food \u0219i alte locuri publice. Materialul carcasei: inox. Recipientul are t\u0103vi de colectare a lighidului.<\/p>\n<p>Caracteristici<\/p>\n<p>Volumul unui recipient este de 15 l<\/p>\n<p>Parametri: 740x550x288 mm<\/p>\n<p>Putere: 0,5 kW<\/p>\n<p>Greutate net\u0103: 40 kg<\/p>\n<p>&nbsp;<\/p>\n","protected":false},"excerpt":{"rendered":"<p>Granitor pentru congelarea sucurilor cu un container la 15 litri. Parametri: 740x550x288 mm; Putere: 0,5 kW; Greutate net\u0103: 40 kg.<\/p>\n","protected":false},"featured_media":3234,"template":"","meta":[],"_links":{"self":[{"href":"https:\/\/evotek.md\/ro\/wp-json\/wp\/v2\/product\/3235"}],"collection":[{"href":"https:\/\/evotek.md\/ro\/wp-json\/wp\/v2\/product"}],"about":[{"href":"https:\/\/evotek.md\/ro\/wp-json\/wp\/v2\/types\/product"}],"wp:featuredmedia":[{"embeddable":true,"href":"https:\/\/evotek.md\/ro\/wp-json\/wp\/v2\/media\/3234"}],"wp:attachment":[{"href":"https:\/\/evotek.md\/ro\/wp-json\/wp\/v2\/media?parent=3235"}],"curies":[{"name":"wp","href":"https:\/\/api.w.org\/{rel}","templated":true}]}}