{"id":32306,"date":"2022-08-26T09:32:07","date_gmt":"2022-08-26T09:32:07","guid":{"rendered":"https:\/\/evotek.md\/produse\/fara-categorie\/rasnita-de-cafea-automata-1000-gr-m-08804580\/"},"modified":"2022-08-26T09:42:47","modified_gmt":"2022-08-26T09:42:47","slug":"rasnita-de-cafea-automata-1000-gr-m-08804580","status":"publish","type":"product","link":"https:\/\/evotek.md\/ro\/produse\/echipamente-pentru-bar-si-cafea\/rasnita-de-cafea\/rasnita-de-cafea-automata-1000-gr-m-08804580\/","title":{"rendered":"RASNITA DE CAFEA DIGITALA 1000 gr. M-08804590"},"content":{"rendered":"<p><strong>RASNITA DE CAFEA DIGITALA 1000 gr. M-08804590<\/strong>&#8211; Aceasta este o r\u00e2\u0219ni\u021b\u0103 de cafea profesional\u0103 elegant\u0103. Aceast\u0103 r\u00e2\u0219ni\u021b\u0103 de cafea este de \u00eenalt\u0103 calitate \u0219i lux. Cafea ideal\u0103 pentru m\u0103cinarea u\u0219oar\u0103 a boabelor de cafea.<\/p>\n<p>Caracteristici<br \/>\nRasnita de cafea digitala pentru uz profesional.<br \/>\nEchipat cu ecran tactil \u00een mai multe limbi<br \/>\nMotor cu protectie termica<br \/>\nrecipient de plastic transparent pentru fasole<br \/>\nRecipient pentru boabe de cafea de 1 kg.<br \/>\nfreze din otel calit \u00d8 60 mm<br \/>\nBoabe de cafea m\u0103cinate instantaneu<br \/>\nMa\u0219in\u0103 foarte silentioas\u0103 &lt;45 dB<br \/>\nCu suport convenabil pentru piston<br \/>\nGradul de m\u0103cinare reglabil continuu<br \/>\nDozare reglabil\u0103 de boabe de cafea m\u0103cinate<br \/>\nPute\u021bi seta timpul de m\u0103cinare a boabelor.<br \/>\nSt\u0103 pe patru picioare de cauciuc<br \/>\nManeta distribuitorului: stanga sau dreapta<br \/>\nUsor de curatat<br \/>\nProductie: 500 grame in 5 minute<br \/>\nGreutate neta: 12 kg<br \/>\nDimensiuni: L285 x D405 x H626 mm<br \/>\nConexiune: 230 V \/ 50 Hz \/ 1 faza 356 W<\/p>\n","protected":false},"excerpt":{"rendered":"<p>Rasnita de cafea digitala pentru uz profesional 1000 gr &#8211; silentioasa. freze din otel calit \u00d8 60 mm; Ma\u0219in\u0103 foarte silentioas\u0103 &lt;45 dB; Productie: 500 grame in 5 minute; Greutate neta: 12 kg; Dimensiuni: L285 x D405 x H626 mm; Conexiune: 230 V \/ 50 Hz \/ 1 faza 356 W.<\/p>\n","protected":false},"featured_media":32310,"template":"","meta":[],"_links":{"self":[{"href":"https:\/\/evotek.md\/ro\/wp-json\/wp\/v2\/product\/32306"}],"collection":[{"href":"https:\/\/evotek.md\/ro\/wp-json\/wp\/v2\/product"}],"about":[{"href":"https:\/\/evotek.md\/ro\/wp-json\/wp\/v2\/types\/product"}],"wp:featuredmedia":[{"embeddable":true,"href":"https:\/\/evotek.md\/ro\/wp-json\/wp\/v2\/media\/32310"}],"wp:attachment":[{"href":"https:\/\/evotek.md\/ro\/wp-json\/wp\/v2\/media?parent=32306"}],"curies":[{"name":"wp","href":"https:\/\/api.w.org\/{rel}","templated":true}]}}