{"id":32296,"date":"2022-08-26T09:17:43","date_gmt":"2022-08-26T09:17:43","guid":{"rendered":"https:\/\/evotek.md\/produse\/fara-categorie\/rasnita-de-cafea-500-gr-m-08804501\/"},"modified":"2022-08-26T09:17:43","modified_gmt":"2022-08-26T09:17:43","slug":"rasnita-de-cafea-500-gr-m-08804501","status":"publish","type":"product","link":"https:\/\/evotek.md\/ro\/produse\/echipamente-pentru-bar-si-cafea\/rasnita-de-cafea\/rasnita-de-cafea-500-gr-m-08804501\/","title":{"rendered":"RASNITA DE CAFEA 500 gr M-08804501"},"content":{"rendered":"<p><strong>RASNITA DE CAFEA 500 gr M-08804501-<\/strong> este o r\u00e2\u0219ni\u021b\u0103 de cafea profesional\u0103 elegant\u0103 de \u00eenalt\u0103 calitate \u0219i lux. Cafea ideal\u0103 pentru m\u0103cinarea u\u0219oar\u0103 a boabelor de cafea.<\/p>\n<p>Rasnita de cafea comerciala<br \/>\nMotor cu protectie termica<br \/>\nrecipient de plastic transparent pentru fasole<br \/>\nRecipient pentru boabe de cafea 500 grame.<br \/>\nfreze din otel calit \u00d8 60 mm<br \/>\nBoabe de cafea m\u0103cinate instantaneu<br \/>\nCu suport convenabil pentru piston<br \/>\nGradul de m\u0103cinare reglabil continuu<br \/>\nDozare reglabil\u0103 de boabe de cafea m\u0103cinate<br \/>\nPute\u021bi seta timpul de m\u0103cinare a boabelor.<br \/>\nSt\u0103 pe patru picioare de cauciuc<br \/>\nUsor de curatat<br \/>\nProductie: 500 grame in 6 minute<br \/>\nGreutate neta: 6 kg<br \/>\nDimensiuni: L170 x D340 x H410 mm<br \/>\n230 V \/ 50 Hz \/ 1 faza 270 W<\/p>\n","protected":false},"excerpt":{"rendered":"<p>Rasnita de cafea cu recipient pentru boabe de cafea de 500 g. freze din otel calit \u00d8 60 mm; Productie: 500 grame in 6 minute; Greutate neta: 6 kg; Dimensiuni: L170 x D340 x H410 mm; 230 V \/ 50 Hz \/ 1 faza 270 W.<\/p>\n","protected":false},"featured_media":32287,"template":"","meta":[],"_links":{"self":[{"href":"https:\/\/evotek.md\/ro\/wp-json\/wp\/v2\/product\/32296"}],"collection":[{"href":"https:\/\/evotek.md\/ro\/wp-json\/wp\/v2\/product"}],"about":[{"href":"https:\/\/evotek.md\/ro\/wp-json\/wp\/v2\/types\/product"}],"wp:featuredmedia":[{"embeddable":true,"href":"https:\/\/evotek.md\/ro\/wp-json\/wp\/v2\/media\/32287"}],"wp:attachment":[{"href":"https:\/\/evotek.md\/ro\/wp-json\/wp\/v2\/media?parent=32296"}],"curies":[{"name":"wp","href":"https:\/\/api.w.org\/{rel}","templated":true}]}}