{"id":32284,"date":"2022-08-26T08:15:24","date_gmt":"2022-08-26T08:15:24","guid":{"rendered":"https:\/\/evotek.md\/produse\/fara-categorie\/fierbator-de-cafea-15-l-m-09300599\/"},"modified":"2023-02-22T10:51:51","modified_gmt":"2023-02-22T10:51:51","slug":"m-09300599","status":"publish","type":"product","link":"https:\/\/evotek.md\/ro\/produse\/echipamente-termice\/fierbatoare\/m-09300599\/","title":{"rendered":"FIERBATOR ELECTRIC, (CEAI-CAFEA) 15 LITRI -M-09300599"},"content":{"rendered":"<p><strong>FIERBATOR ELECTRIC, (CEAI-CAFEA) 15 LITRI -M-09300599-<\/strong> este un fierbator de cafea profesional care poate prepara si depozita pana la 15 litri de cafea. Acest aparat de cafea este finisat foarte frumos \u0219i are un corp \u0219i un capac din o\u021bel inoxidabil, f\u0103c\u00e2ndu-l un punct culminant al buc\u0103t\u0103riei tale. Acest aparat de cafea de la Maxima este perfect pentru utilizare. Indicatorul de nivel extern arat\u0103 c\u00e2t de plin este fierb\u0103torul, \u00een plus, m\u00e2nerele v\u0103 vor ajuta \u0219i s\u0103 utiliza\u021bi acest aparat.<\/p>\n<p>Caracteristici<\/p>\n<p>Fierbator de cafea profesional<br \/>\nCorp \u0219i capac din o\u021bel inoxidabil<br \/>\nFiltru de cafea detasabil din otel inoxidabil.<br \/>\nAcoperi\u021bi cu capac de plastic<br \/>\nM\u00e2nere de transport confortabile, izolate.<br \/>\nNivel de sticla cu scara<br \/>\nCapacitate: 120 cesti<br \/>\nVolum total: 15 litri<br \/>\nTimp mediu de preparare pentru 15 litri: 45-60 minute<br \/>\nIndicator de temperatur\u0103<br \/>\nRobinet de cafea de \u00eencredere<br \/>\nFunctioneaza cu filtre sau cu cafea grosiera<br \/>\nDimensiunea filtrului fin de cafea: 24,5 cm (nu este inclus)<br \/>\nSisteme separate pentru producerea \u0219i depozitarea cafelei<br \/>\nSt\u0103 pe patru picioare de cauciuc<br \/>\nUsor de curatat<br \/>\nGreutate neta: 5,0 kg<br \/>\nDimensiuni: L340 x D340 x H590 mm<br \/>\nConexiune: 230 V \/ 50 Hz \/ 1 faza 1520 W<\/p>\n","protected":false},"excerpt":{"rendered":"<p>Fierbator de cafea 15 litri. Capacitate: 120 cesti; Volum total: 15 litri; Timp mediu de preparare pentru 15 litri: 45-60 minute; Greutate neta: 5,0 kg; Dimensiuni: L340 x D340 x H590 mm; Conexiune: 230 V \/ 50 Hz \/ 1 faza 1520 W<\/p>\n","protected":false},"featured_media":32277,"template":"","meta":[],"_links":{"self":[{"href":"https:\/\/evotek.md\/ro\/wp-json\/wp\/v2\/product\/32284"}],"collection":[{"href":"https:\/\/evotek.md\/ro\/wp-json\/wp\/v2\/product"}],"about":[{"href":"https:\/\/evotek.md\/ro\/wp-json\/wp\/v2\/types\/product"}],"wp:featuredmedia":[{"embeddable":true,"href":"https:\/\/evotek.md\/ro\/wp-json\/wp\/v2\/media\/32277"}],"wp:attachment":[{"href":"https:\/\/evotek.md\/ro\/wp-json\/wp\/v2\/media?parent=32284"}],"curies":[{"name":"wp","href":"https:\/\/api.w.org\/{rel}","templated":true}]}}