{"id":32230,"date":"2022-08-25T14:44:50","date_gmt":"2022-08-25T14:44:50","guid":{"rendered":"https:\/\/evotek.md\/produse\/fara-categorie\/tava-pentru-pizza-360-mm-st-560361\/"},"modified":"2022-08-25T14:44:50","modified_gmt":"2022-08-25T14:44:50","slug":"tava-pentru-pizza-360-mm-st-560361","status":"publish","type":"product","link":"https:\/\/evotek.md\/ro\/produse\/accesorii-si-inventar-bucatarie\/inventar-pizzerie\/tava-pentru-pizza-360-mm-st-560361\/","title":{"rendered":"TAV\u0102 PENTRU PIZZA 360 mm -ST-560361"},"content":{"rendered":"<p><strong>TAV\u0102 PENTRU PIZZA 360 mm -ST-560361-<\/strong> Tava pentru pizza este indispensabil\u0103 pentru a face pizza uniform\u0103. Dup\u0103 finisare, cur\u0103\u021ba\u021bi, usca\u021bi \u0219i unge\u021bi tava de copt. Acest tratament protejeaz\u0103 forma \u00eempotriva coroziunii.<\/p>\n<p>Caracteristici<\/p>\n<p>\u00cen\u0103l\u021bime: 25 mm<\/p>\n<p>Diametru: 360 mm<\/p>\n<p>&nbsp;<\/p>\n","protected":false},"excerpt":{"rendered":"<p>Tav\u0103 pentru pizza. \u00cen\u0103l\u021bime: 25 mm; Diametru: 360 mm.<\/p>\n","protected":false},"featured_media":32192,"template":"","meta":[],"_links":{"self":[{"href":"https:\/\/evotek.md\/ro\/wp-json\/wp\/v2\/product\/32230"}],"collection":[{"href":"https:\/\/evotek.md\/ro\/wp-json\/wp\/v2\/product"}],"about":[{"href":"https:\/\/evotek.md\/ro\/wp-json\/wp\/v2\/types\/product"}],"wp:featuredmedia":[{"embeddable":true,"href":"https:\/\/evotek.md\/ro\/wp-json\/wp\/v2\/media\/32192"}],"wp:attachment":[{"href":"https:\/\/evotek.md\/ro\/wp-json\/wp\/v2\/media?parent=32230"}],"curies":[{"name":"wp","href":"https:\/\/api.w.org\/{rel}","templated":true}]}}