{"id":32214,"date":"2022-08-25T14:05:25","date_gmt":"2022-08-25T14:05:25","guid":{"rendered":"https:\/\/evotek.md\/produse\/fara-categorie\/tava-gastronomica-din-policarbonat-gn-1-2-100-mm-st-152101\/"},"modified":"2022-08-30T10:32:38","modified_gmt":"2022-08-30T10:32:38","slug":"tava-gastronomica-din-policarbonat-gn-1-2-100-mm-st-152101","status":"publish","type":"product","link":"https:\/\/evotek.md\/ro\/produse\/accesorii-si-inventar-bucatarie\/containere-gn-din-policarbonat\/container-gastronom-gn-1-2-2\/tava-gastronomica-din-policarbonat-gn-1-2-100-mm-st-152101\/","title":{"rendered":"CONTAINER DIN POLICARBONAT GN 1\/2 \u2013 100 mm -ST-152101"},"content":{"rendered":"<p><strong>CONTAINER DIN POLICARBONAT GN 1\/2 \u2013 100 mm -ST-152101-<\/strong>\u00a0Recipientele gastronormice din policarbonat nu absorb mirosurile. Recipientele Gastronormice sunt u\u0219or de cur\u0103\u021bat \u0219i pot fi sp\u0103late \u00een ma\u0219ina de sp\u0103lat vase. Fabricat din policarbonat negru de \u00eenalt\u0103 calitate. Acest material nu absoarbe mirosuri \u0219i gusturi, a\u0219a c\u0103 pute\u021bi depozita diferite produse \u00eentr-un singur vas f\u0103r\u0103 a absorbi arome diferite. Recipientul Gastronormic poate fi folosit la temperaturi de la -40\u00b0C la 99\u00b0C. Marginile rotunjite m\u0103resc siguran\u021ba \u00een utilizare \u0219i fac cur\u0103\u021barea mai u\u0219oar\u0103. Recipientul nu trebuie folosit \u00eentr-o baie cu abur sau cuptor cu abur sau.<\/p>\n<p>Caracteristici<br \/>\nDimensiune: GN 1\/2<br \/>\nVolum: 6 l<br \/>\nCuloare neagr\u0103<br \/>\nLungime: 325 mm<br \/>\nLatime: 265 mm<br \/>\nInaltime: 100 mm<\/p>\n","protected":false},"excerpt":{"rendered":"<p>Container gastronomic din policarbonat GN 1\/2 \u2013 100 mm. Dimensiune: GN 1\/2; Volum: 6 l; Culoare neagr\u0103; Lungime: 325 mm; Latime: 265 mm; Inaltime: 100 mm.<\/p>\n","protected":false},"featured_media":30074,"template":"","meta":[],"_links":{"self":[{"href":"https:\/\/evotek.md\/ro\/wp-json\/wp\/v2\/product\/32214"}],"collection":[{"href":"https:\/\/evotek.md\/ro\/wp-json\/wp\/v2\/product"}],"about":[{"href":"https:\/\/evotek.md\/ro\/wp-json\/wp\/v2\/types\/product"}],"wp:featuredmedia":[{"embeddable":true,"href":"https:\/\/evotek.md\/ro\/wp-json\/wp\/v2\/media\/30074"}],"wp:attachment":[{"href":"https:\/\/evotek.md\/ro\/wp-json\/wp\/v2\/media?parent=32214"}],"curies":[{"name":"wp","href":"https:\/\/api.w.org\/{rel}","templated":true}]}}