{"id":32210,"date":"2022-08-25T13:17:16","date_gmt":"2022-08-25T13:17:16","guid":{"rendered":"https:\/\/evotek.md\/produse\/fara-categorie\/termomeru-digital-fara-contact-st-620711\/"},"modified":"2024-03-18T15:08:20","modified_gmt":"2024-03-18T15:08:20","slug":"termomeru-digital-fara-contact-st-620711","status":"publish","type":"product","link":"https:\/\/evotek.md\/ro\/produse\/accesorii-si-inventar-bucatarie\/accesorii-neclasificate\/termomeru-digital-fara-contact-st-620711\/","title":{"rendered":"TERMOMERU DIGITAL FARA CONTACT -ST-620711"},"content":{"rendered":"<p><strong>TERMOMERU DIGITAL FARA CONTACT ST-620711<\/strong>&#8211; Termometru digital fara contact potrivit pentru cuptor, pentru masurarea temperaturii alimentelor, pentru congelator si frigider.<\/p>\n<p>Caracteristici<br \/>\nTemperatura: de la -50 \u00b0C la +380 \u00b0C<br \/>\nIndicator laser pentru m\u0103surare precis\u0103<br \/>\nPrecizie de m\u0103surare: +\/- 1,5 \u00b0<br \/>\nMaterial: plastic<br \/>\nRezolu\u021bie 0,1 \u00b0C<br \/>\nTip de putere: 6LR61<br \/>\nOprire automat\u0103<br \/>\nBaterie 6LR61 inclus\u0103<\/p>\n","protected":false},"excerpt":{"rendered":"<p>Termometru digital fara contact. Temperatura: de la -50 \u00b0C la +380 \u00b0C; Indicator laser pentru m\u0103surare precis\u0103; Precizie de m\u0103surare: +\/- 1,5 \u00b0; Material: plastic; Rezolu\u021bie 0,1 \u00b0C; Tip de putere: 6LR61; Oprire automat\u0103; Baterie 6LR61 inclus\u0103.<\/p>\n","protected":false},"featured_media":32209,"template":"","meta":[],"_links":{"self":[{"href":"https:\/\/evotek.md\/ro\/wp-json\/wp\/v2\/product\/32210"}],"collection":[{"href":"https:\/\/evotek.md\/ro\/wp-json\/wp\/v2\/product"}],"about":[{"href":"https:\/\/evotek.md\/ro\/wp-json\/wp\/v2\/types\/product"}],"wp:featuredmedia":[{"embeddable":true,"href":"https:\/\/evotek.md\/ro\/wp-json\/wp\/v2\/media\/32209"}],"wp:attachment":[{"href":"https:\/\/evotek.md\/ro\/wp-json\/wp\/v2\/media?parent=32210"}],"curies":[{"name":"wp","href":"https:\/\/api.w.org\/{rel}","templated":true}]}}