{"id":32206,"date":"2022-08-25T10:52:04","date_gmt":"2022-08-25T10:52:04","guid":{"rendered":"https:\/\/evotek.md\/produse\/fara-categorie\/set-de-forme-cerc-pentru-cofetarie-st-528010\/"},"modified":"2022-08-25T12:43:00","modified_gmt":"2022-08-25T12:43:00","slug":"set-de-forme-cerc-pentru-cofetarie-st-528010","status":"publish","type":"product","link":"https:\/\/evotek.md\/ro\/produse\/accesorii-si-inventar-bucatarie\/accesorii-neclasificate\/set-de-forme-cerc-pentru-cofetarie-st-528010\/","title":{"rendered":"SET DE FORME \u201eCERC\u201d PENTRU COFET\u0102RIE ST-528010"},"content":{"rendered":"<p><strong>SET DE FORME \u201eCERC\u201d PENTRU COFET\u0102RIE ST-528010-<\/strong> Un set de forme \u201eCerc\u201d cu un diametru de 2 p\u00e2n\u0103 la 11 centimetri produse de Stalgast este o solu\u021bie ideal\u0103 pentru cofet\u0103rie, brut\u0103rii \u0219i buc\u0103t\u0103rii de restaurante. Un set de 14 forme v\u0103 va permite s\u0103 ob\u021bine\u021bi produse de patiserie perfect uniforme, \u00een form\u0103 rotund\u0103. Furnizorul declar\u0103 c\u0103 produsul respect\u0103 toate cerin\u021bele de securitate \u0219i s\u0103n\u0103tate pentru materialele \u0219i produsele destinate s\u0103 intre \u00een contact cu alimentele, \u00een conformitate cu Regulamentul 1935\/2004 PE.<\/p>\n<p>Caracteristici<br \/>\nMatrite metalice pentru cofetarie<br \/>\nTip: Matrite metalice<br \/>\nInaltime: 30 mm<br \/>\nDiametru: 14 forme de la 20 la 110 mm, h-30 mm, netede<br \/>\nMaterial: otel inoxidabil<\/p>\n","protected":false},"excerpt":{"rendered":"<p>Set de forme pentru cofetarie; Tip: Matrite metalice; Inaltime: 30 mm; Diametru: 14 forme de la 20 la 110 mm, h-30 mm, netede; Material: otel inoxidabil.<\/p>\n","protected":false},"featured_media":32205,"template":"","meta":[],"_links":{"self":[{"href":"https:\/\/evotek.md\/ro\/wp-json\/wp\/v2\/product\/32206"}],"collection":[{"href":"https:\/\/evotek.md\/ro\/wp-json\/wp\/v2\/product"}],"about":[{"href":"https:\/\/evotek.md\/ro\/wp-json\/wp\/v2\/types\/product"}],"wp:featuredmedia":[{"embeddable":true,"href":"https:\/\/evotek.md\/ro\/wp-json\/wp\/v2\/media\/32205"}],"wp:attachment":[{"href":"https:\/\/evotek.md\/ro\/wp-json\/wp\/v2\/media?parent=32206"}],"curies":[{"name":"wp","href":"https:\/\/api.w.org\/{rel}","templated":true}]}}