{"id":32193,"date":"2022-08-25T09:57:10","date_gmt":"2022-08-25T09:57:10","guid":{"rendered":"https:\/\/evotek.md\/produse\/fara-categorie\/forma-pentru-pizza-d-320-mm-h-25-mm-st-560321\/"},"modified":"2022-10-07T13:47:21","modified_gmt":"2022-10-07T13:47:21","slug":"forma-pentru-pizza-d-320-mm-h-25-mm-st-560321","status":"publish","type":"product","link":"https:\/\/evotek.md\/ro\/produse\/accesorii-si-inventar-bucatarie\/inventar-pizzerie\/forma-pentru-pizza-d-320-mm-h-25-mm-st-560321\/","title":{"rendered":"TAVA PENTRU PIZZA d-320 mm, h-25 mm St-560321"},"content":{"rendered":"<p><strong>TAVA PENTRU PIZZA d-320 mm, h-25 mm St-560321<\/strong>&#8211; Forma rotunda apartine segmentului de echipamente profesionale de bucatarie pentru restaurante, pizzerii, cafenele, fast-food-uri, vanzatori ambulanti, supermarketuri si alte unitati de catering. Forma este realizat\u0103 din o\u021bel negru cu un strat oxidat. Difer\u0103 prin durabilitate, propriet\u0103\u021bi anticorozive ridicate \u0219i este destinat unei utiliz\u0103ri intensive.<\/p>\n<p>Principii generale de utilizare a formularului:<\/p>\n<p>Folosit numai pentru coacere \u0219i nu pentru alte proces\u0103ri sau depozitare a alimentelor. \u00cen caz contrar, se pot oxida.<br \/>\nTemperatura de coacere nu trebuie s\u0103 dep\u0103\u0219easc\u0103 280\u2070\u0421.<br \/>\n\u00cendep\u0103rtarea reziduurilor de aluat sau a altor ingrediente de pizza are loc numai ca urmare a sp\u0103l\u0103rii \u00een ap\u0103 cald\u0103 cu ad\u0103ugarea de substan\u021be chimice de uz casnic (detergen\u021bi non-caustici).<br \/>\nEste interzis\u0103 folosirea \u0219aibelor de sp\u0103lat \u0219i a pastei cu granule, pentru a evita zg\u00e2rieturile mecanice ale stratului.<br \/>\nEste interzis\u0103 sp\u0103larea \u00een ma\u0219ina de sp\u0103lat vase.<br \/>\nDupa fiecare spalare se usuca bine si se unge forma cu ulei vegetal (nu o lasa niciodata uscata).<\/p>\n<p>Caracteristici<br \/>\nMaterial: Metal vopsit<br \/>\nDiametru: 320 mm<br \/>\nInaltime: 25 mm<\/p>\n","protected":false},"excerpt":{"rendered":"<p>Forma pentru pizza. d-320 mm, h-25 mm<\/p>\n","protected":false},"featured_media":32192,"template":"","meta":[],"_links":{"self":[{"href":"https:\/\/evotek.md\/ro\/wp-json\/wp\/v2\/product\/32193"}],"collection":[{"href":"https:\/\/evotek.md\/ro\/wp-json\/wp\/v2\/product"}],"about":[{"href":"https:\/\/evotek.md\/ro\/wp-json\/wp\/v2\/types\/product"}],"wp:featuredmedia":[{"embeddable":true,"href":"https:\/\/evotek.md\/ro\/wp-json\/wp\/v2\/media\/32192"}],"wp:attachment":[{"href":"https:\/\/evotek.md\/ro\/wp-json\/wp\/v2\/media?parent=32193"}],"curies":[{"name":"wp","href":"https:\/\/api.w.org\/{rel}","templated":true}]}}