{"id":3219,"date":"2020-02-27T11:10:34","date_gmt":"2020-02-27T11:11:35","guid":{"rendered":"https:\/\/evotek.md\/?post_type=product&#038;p=3219"},"modified":"2025-06-03T09:02:54","modified_gmt":"2025-06-03T09:02:54","slug":"racitor-pentru-sucuri-hkn-lsj18lx3","status":"publish","type":"product","link":"https:\/\/evotek.md\/ro\/produse\/echipamente-pentru-bar-si-cafea\/racitor-de-sucuri\/racitor-pentru-sucuri-hkn-lsj18lx3\/","title":{"rendered":"RACITOR DE SUC, 3 RECIPIENTE 18 LITRI -HKN-LSJ18Lx3"},"content":{"rendered":"<p><strong>RACITOR DE SUC, 3 RECIPIENTE 18 LITRI -HKN-LSJ18Lx3- <\/strong>Este destinat utiliz\u0103rii \u00een unit\u0103\u021bile de alimenta\u021bie public\u0103 \u0219i folosit pentru r\u0103cirea \u0219i distribuirea b\u0103uturilor. Materialul carcasei: inox \/ metal vopsit; Recipientul are t\u0103vi de colectare a lighidului.<\/p>\n<p>Caracteristici<br \/>\nTav\u0103 pentru scurgere<br \/>\nPutere: 0,35 kW<br \/>\nTensiune: 230 V<br \/>\nCapacitate: 3&#215;18 litri<br \/>\nInterval de temperatur\u0103: +7&#8230;+12 \u00b0C<br \/>\nDimensiuni totale: 710x445x700 mm<br \/>\nGreutate: 39 kg<br \/>\nMaterial corp: o\u021bel inoxidabil\/metal vopsit<br \/>\nMarc\u0103: Hurakan<\/p>\n<p>&nbsp;<\/p>\n","protected":false},"excerpt":{"rendered":"<p>Racitor de sucuri cu o capacitate de 3&#215;18 l. Tav\u0103 pentru scurgere; Putere: 0,35 kW; Tensiune: 230 V; Capacitate: 3&#215;18 litri; Interval de temperatur\u0103: +7&#8230;+12 \u00b0C; Dimensiuni totale: 710x445x700 mm; Greutate: 39 kg; Material corp: o\u021bel inoxidabil\/metal vopsit; Marc\u0103: Hurakan.<\/p>\n","protected":false},"featured_media":3218,"template":"","meta":[],"_links":{"self":[{"href":"https:\/\/evotek.md\/ro\/wp-json\/wp\/v2\/product\/3219"}],"collection":[{"href":"https:\/\/evotek.md\/ro\/wp-json\/wp\/v2\/product"}],"about":[{"href":"https:\/\/evotek.md\/ro\/wp-json\/wp\/v2\/types\/product"}],"wp:featuredmedia":[{"embeddable":true,"href":"https:\/\/evotek.md\/ro\/wp-json\/wp\/v2\/media\/3218"}],"wp:attachment":[{"href":"https:\/\/evotek.md\/ro\/wp-json\/wp\/v2\/media?parent=3219"}],"curies":[{"name":"wp","href":"https:\/\/api.w.org\/{rel}","templated":true}]}}