{"id":32184,"date":"2022-08-24T14:15:45","date_gmt":"2022-08-24T14:15:45","guid":{"rendered":"https:\/\/evotek.md\/produse\/fara-categorie\/recipient-dozator-1-litru-capac-maro-st-473814\/"},"modified":"2022-08-24T14:15:45","modified_gmt":"2022-08-24T14:15:45","slug":"recipient-dozator-1-litru-capac-maro-st-473814","status":"publish","type":"product","link":"https:\/\/evotek.md\/ro\/produse\/accesorii-si-inventar-bucatarie\/accesorii-pentru-bar\/recipient-dozator-1-litru-capac-maro-st-473814\/","title":{"rendered":"RECIPIENT DOZATOR 1 litru (capac maro) ST-473814"},"content":{"rendered":"<p><strong>RECIPIENT DOZATOR 1 litru (capac maro) ST-473814-<\/strong> este un atribut al cafenelelor \u0219i restaurantelor c\u0103rora le pas\u0103 de prestigiul unit\u0103\u021bii lor \u0219i de o abordare special\u0103 a vizitatorilor. Recipientul original din polipropilen\u0103 alb\u0103 este un ajutor pentru barmani, la prepararea cocktail-urilor. Recipientul este conceput pentru dressing-uri clasice \u0219i moderne, sosuri, esen\u021be \u0219i este potrivit \u0219i pentru prepararea unei variet\u0103\u021bi de cocktail-uri. Este u\u0219or de \u00eentre\u021binut \u0219i poate fi sp\u0103lat manual \u0219i \u00een ma\u0219ina de sp\u0103lat vase.<\/p>\n<p>Caracteristici<br \/>\nRecipient dozator<br \/>\nVolum: 1 l<br \/>\nInaltime: 330 mm<br \/>\nDiametru: 90 mm<br \/>\nMaterial: plastic<br \/>\nCuloare maro<\/p>\n","protected":false},"excerpt":{"rendered":"<p>Recipient dozator cu volumul de 1 litru. Inaltime: 330 mm; Diametru: 90 mm; Material: plastic; Culoare maro.<\/p>\n","protected":false},"featured_media":32177,"template":"","meta":[],"_links":{"self":[{"href":"https:\/\/evotek.md\/ro\/wp-json\/wp\/v2\/product\/32184"}],"collection":[{"href":"https:\/\/evotek.md\/ro\/wp-json\/wp\/v2\/product"}],"about":[{"href":"https:\/\/evotek.md\/ro\/wp-json\/wp\/v2\/types\/product"}],"wp:featuredmedia":[{"embeddable":true,"href":"https:\/\/evotek.md\/ro\/wp-json\/wp\/v2\/media\/32177"}],"wp:attachment":[{"href":"https:\/\/evotek.md\/ro\/wp-json\/wp\/v2\/media?parent=32184"}],"curies":[{"name":"wp","href":"https:\/\/api.w.org\/{rel}","templated":true}]}}