{"id":32171,"date":"2022-08-24T11:07:55","date_gmt":"2022-08-24T11:07:55","guid":{"rendered":"https:\/\/evotek.md\/produse\/fara-categorie\/grila-pentru-pizza-%e2%8c%80330-mm-st-562311\/"},"modified":"2022-08-24T11:15:22","modified_gmt":"2022-08-24T11:15:22","slug":"grila-pentru-pizza-%e2%8c%80330-mm-st-562311","status":"publish","type":"product","link":"https:\/\/evotek.md\/ro\/produse\/accesorii-si-inventar-bucatarie\/inventar-pizzerie\/grila-pentru-pizza-%e2%8c%80330-mm-st-562311\/","title":{"rendered":"GRIL\u0102 PENTRU PIZZA \u2300330 mm ST-562330"},"content":{"rendered":"<p><strong>GRIL\u0102 PENTRU PIZZA \u2300330 mm ST-562330-<\/strong> Sita pentru pizza este indispensabila in orice pizzerie profesionala. Asigur\u0103 o ventila\u021bie corespunz\u0103toare sub aluatul de drojdie, astfel \u00eenc\u00e2t apa s\u0103 se evapore \u00een timpul coacerii. Drept urmare, aluatul devine pufos, fraged \u0219i crocant \u00een acela\u0219i timp. Folosirea unei grile pentru pizza previne arderea aluatului in timpul coacerii. Acest lucru se datoreaz\u0103 coacerii uniforme, care este asigurat\u0103 prin utilizarea unui grill. Pentru produc\u021bia sitei este utilizat aluminiul de \u00eenalt\u0103 calitate ce respect\u0103 toate reglement\u0103rile.<\/p>\n<p>Caracteristici<br \/>\nMaterial: aluminiu<br \/>\nDiametru: 330 mm<br \/>\nDiametru interior: 310 mm<\/p>\n","protected":false},"excerpt":{"rendered":"<p>Gril\u0103 pentru pizza \u2300330 mm. Material: aluminiu; Diametru: 330 mm; Diametru interior: 310 mm.<\/p>\n<p>&nbsp;<\/p>\n","protected":false},"featured_media":30042,"template":"","meta":[],"_links":{"self":[{"href":"https:\/\/evotek.md\/ro\/wp-json\/wp\/v2\/product\/32171"}],"collection":[{"href":"https:\/\/evotek.md\/ro\/wp-json\/wp\/v2\/product"}],"about":[{"href":"https:\/\/evotek.md\/ro\/wp-json\/wp\/v2\/types\/product"}],"wp:featuredmedia":[{"embeddable":true,"href":"https:\/\/evotek.md\/ro\/wp-json\/wp\/v2\/media\/30042"}],"wp:attachment":[{"href":"https:\/\/evotek.md\/ro\/wp-json\/wp\/v2\/media?parent=32171"}],"curies":[{"name":"wp","href":"https:\/\/api.w.org\/{rel}","templated":true}]}}