{"id":32158,"date":"2022-08-23T12:26:14","date_gmt":"2022-08-23T12:26:14","guid":{"rendered":"https:\/\/evotek.md\/produse\/fara-categorie\/vitrina-frigorifica-de-patiserie-de-lux-patrat-gri-mat-kayman-krpc-1305m\/"},"modified":"2023-09-11T13:24:53","modified_gmt":"2023-09-11T13:24:53","slug":"vitrina-frigorifica-de-patiserie-de-lux-patrat-gri-mat-kayman-krpc-1305m","status":"publish","type":"product","link":"https:\/\/evotek.md\/ro\/produse\/echipamente-frigorifice\/vitrine-frigorifice-pentru-patiserie\/vitrina-frigorifica-de-patiserie-de-lux-patrat-gri-mat-kayman-krpc-1305m\/","title":{"rendered":"VITRINA FRIGORIFICA PENTRU PATISERIE (DE LUX, PATRAT, GRI MAT) KAYMAN KRPC-1305M"},"content":{"rendered":"<p><strong>VITRINA FRIGORIFICA PENTRU PATISERIE (DE LUX, PATRAT, GRI MAT) KAYMAN KRPC-1305M-<\/strong>\u00a0Pentru micile departamente de panifica\u021bie din magazine, pentru cafenelele \u0219i barurile mici elegante, o vitrin\u0103 de patiserie este perfect\u0103. Suport\u0103 temperaturi de la +0 la +7 \u00b0C \u0219i r\u0103cire dinamic\u0103.<\/p>\n<p>\u00cen ciuda dimensiunilor modeste, vitrina este echipat\u0103 \u00een conformitate cu standardele moderne: are un compresor puternic \u00eencorporat, un controler electronic cu indicator de temperatur\u0103. Suprafa\u021ba de afi\u0219are este m\u0103rit\u0103 de un raft de sticl\u0103, r\u0103cit \u0219i iluminat cu iluminare LED.<\/p>\n<p>Caracteristici<br \/>\nInterval de temperatur\u0103: 0\u2026+7 \u00b0C<br \/>\nR\u0103cire dinamic\u0103: agent frigorific R290<br \/>\nVolumul util: 0,6 m3<br \/>\nSuprafata vitrina frigorifica: 2,1 m2<br \/>\nUnitate de r\u0103cire \u00eencorporat\u0103<br \/>\n3 rafturi din sticla<br \/>\nCuloare carcasa: gri mat<br \/>\nGreutate neta: 235 kg<br \/>\nUsi spate glisante, interior ventilat<br \/>\nInaltime: 1255 mm<br \/>\nLungime: 1305 mm<br \/>\nLatime: 695 mm<br \/>\nPutere: 10,4 kW\/zi kW<br \/>\nIluminare LED culoare alb cald<\/p>\n","protected":false},"excerpt":{"rendered":"<p>Vitrin\u0103 frigorific\u0103 pentru patiserie cu volumul de 0,6 m3. Interval de temperatur\u0103: 0\u2026+7 \u00b0C; R\u0103cire dinamic\u0103: agent frigorific R290; Volumul util: 0,6 m3; Suprafata vitrina frigorifica: 2,1 m2; Unitate de r\u0103cire \u00eencorporat\u0103; 3 rafturi din sticla; Culoare carcasa: gri mat; Greutate neta: 235 kg; Usi spate glisante, interior ventilat; Inaltime: 1255 mm; Lungime: 1305 mm; Latime: 695 mm; Putere: 10,4 kW\/zi kW; Iluminare LED culoare alb cald.<\/p>\n","protected":false},"featured_media":32064,"template":"","meta":[],"_links":{"self":[{"href":"https:\/\/evotek.md\/ro\/wp-json\/wp\/v2\/product\/32158"}],"collection":[{"href":"https:\/\/evotek.md\/ro\/wp-json\/wp\/v2\/product"}],"about":[{"href":"https:\/\/evotek.md\/ro\/wp-json\/wp\/v2\/types\/product"}],"wp:featuredmedia":[{"embeddable":true,"href":"https:\/\/evotek.md\/ro\/wp-json\/wp\/v2\/media\/32064"}],"wp:attachment":[{"href":"https:\/\/evotek.md\/ro\/wp-json\/wp\/v2\/media?parent=32158"}],"curies":[{"name":"wp","href":"https:\/\/api.w.org\/{rel}","templated":true}]}}