{"id":32153,"date":"2022-08-22T14:06:56","date_gmt":"2022-08-22T14:06:56","guid":{"rendered":"https:\/\/evotek.md\/produse\/fara-categorie\/gril-electric-cu-abur-emp-pls-7le030\/"},"modified":"2022-08-22T14:09:29","modified_gmt":"2022-08-22T14:09:29","slug":"gril-electric-cu-abur-emp-pls-7le030","status":"publish","type":"product","link":"https:\/\/evotek.md\/ro\/produse\/echipamente-termice\/vapor-grill\/gril-electric-cu-abur-emp-pls-7le030\/","title":{"rendered":"GRIL ELECTRIC CU ABUR -EMP.PLS.7LE030"},"content":{"rendered":"<p><strong>GRIL ELECTRIC CU ABUR -EMP.PLS.7LE030-<\/strong>\u00a0Gatit mai eficient datorita camerei de evaporare. Cur\u0103\u021bare u\u0219oar\u0103 datorit\u0103 rezisten\u021belor u\u0219or de \u00eendep\u0103rtat. Capacitatea de a g\u0103ti cu mai pu\u021bin\u0103 energie \u00eentr-un timp mai scurt. Usor de curatat si igienic. Corp din o\u021bel inoxidabil.<\/p>\n<p>Caracteristici<br \/>\nDimensiuni: 1200x730x300\u00a0mm<br \/>\nGreutate: 66\u00a0kg<br \/>\nNet: 0,26 m3<br \/>\nPutere: 13,75 kW<br \/>\nTensiune electric\u0103 de intrare: 400V AC 3N PE<br \/>\nSec\u021biunea cablului (mm2): 5\u00d72,5<\/p>\n","protected":false},"excerpt":{"rendered":"<p>Grill electric cu abur.\u00a0Dimensiuni: 1200x730x300 mm; Greutate: 66 kg; Net: 0,26 m3; Putere: 13,75 kW; Tensiune electric\u0103 de intrare: 400V AC 3N PE; Sec\u021biunea cablului (mm2): 5\u00d72,5.<\/p>\n","protected":false},"featured_media":32148,"template":"","meta":[],"_links":{"self":[{"href":"https:\/\/evotek.md\/ro\/wp-json\/wp\/v2\/product\/32153"}],"collection":[{"href":"https:\/\/evotek.md\/ro\/wp-json\/wp\/v2\/product"}],"about":[{"href":"https:\/\/evotek.md\/ro\/wp-json\/wp\/v2\/types\/product"}],"wp:featuredmedia":[{"embeddable":true,"href":"https:\/\/evotek.md\/ro\/wp-json\/wp\/v2\/media\/32148"}],"wp:attachment":[{"href":"https:\/\/evotek.md\/ro\/wp-json\/wp\/v2\/media?parent=32153"}],"curies":[{"name":"wp","href":"https:\/\/api.w.org\/{rel}","templated":true}]}}