{"id":32149,"date":"2022-08-22T13:54:52","date_gmt":"2022-08-22T13:54:52","guid":{"rendered":"https:\/\/evotek.md\/produse\/fara-categorie\/gril-electric-apa-emp-pls-7le010\/"},"modified":"2022-08-22T14:10:15","modified_gmt":"2022-08-22T14:10:15","slug":"gril-electric-apa-emp-pls-7le010","status":"publish","type":"product","link":"https:\/\/evotek.md\/ro\/produse\/echipamente-termice\/vapor-grill\/gril-electric-apa-emp-pls-7le010\/","title":{"rendered":"GRIL ELECTRIC CU ABUR -EMP.PLS.7LE010"},"content":{"rendered":"<p><strong>GRIL ELECTRIC CU ABUR -EMP.PLS.7LE010<\/strong>&#8211; Gatit mai eficient datorita camerei de evaporare. Cur\u0103\u021bare u\u0219oar\u0103 datorit\u0103 rezisten\u021belor u\u0219or de \u00eendep\u0103rtat. Capacitatea de a g\u0103ti cu mai pu\u021bin\u0103 energie \u00eentr-un timp mai scurt. Usor de curatat si igienic. Corp din o\u021bel inoxidabil.<\/p>\n<p>Caracteristici<br \/>\nDimensiuni: 400x730x300 mm<br \/>\nGreutate: 31 kg<br \/>\nNet: 0,09 m3<br \/>\nPutere: 3,75 kW<br \/>\nTensiune electric\u0103 de intrare: 400V AC 3N PE<br \/>\nSec\u021biunea cablului (mm2): 5&#215;2,5<\/p>\n","protected":false},"excerpt":{"rendered":"<p>Grill electric cu abur. Dimensiuni: 400x730x300 mm; Greutate: 31 kg; Net: 0,09 m3; Putere: 3,75 kW; Tensiune electric\u0103 de intrare: 400V AC 3N PE; Sec\u021biunea cablului (mm2): 5&#215;2,5.<\/p>\n","protected":false},"featured_media":32148,"template":"","meta":[],"_links":{"self":[{"href":"https:\/\/evotek.md\/ro\/wp-json\/wp\/v2\/product\/32149"}],"collection":[{"href":"https:\/\/evotek.md\/ro\/wp-json\/wp\/v2\/product"}],"about":[{"href":"https:\/\/evotek.md\/ro\/wp-json\/wp\/v2\/types\/product"}],"wp:featuredmedia":[{"embeddable":true,"href":"https:\/\/evotek.md\/ro\/wp-json\/wp\/v2\/media\/32148"}],"wp:attachment":[{"href":"https:\/\/evotek.md\/ro\/wp-json\/wp\/v2\/media?parent=32149"}],"curies":[{"name":"wp","href":"https:\/\/api.w.org\/{rel}","templated":true}]}}