{"id":3214,"date":"2020-02-27T11:01:05","date_gmt":"2020-02-27T11:01:05","guid":{"rendered":"https:\/\/evotek.md\/?post_type=product&#038;p=3214"},"modified":"2020-07-20T08:03:17","modified_gmt":"2020-07-20T08:03:17","slug":"racitor-pentru-sucuri-hkn-lsj18lx2","status":"publish","type":"product","link":"https:\/\/evotek.md\/ro\/produse\/echipamente-pentru-bar-si-cafea\/racitor-de-sucuri\/racitor-pentru-sucuri-hkn-lsj18lx2\/","title":{"rendered":"R\u0102CITOR PENTRU SUCURI -HKN-LSJ18Lx2"},"content":{"rendered":"<p><strong>R\u0102CITOR PENTRU SUCURI<\/strong> <strong>&#8211;<\/strong><strong>HKN-LSJ18Lx2<\/strong><strong>&#8211; <\/strong>Este destinat utiliz\u0103rii \u00een unit\u0103\u021bile de alimenta\u021bie public\u0103 \u0219i folosit pentru r\u0103cirea \u0219i distribuirea b\u0103uturilor.\u00a0Materialul carcasei: inox \/ metal vopsit; T\u0103vi de colectare a lighidului.<\/p>\n<p>Caracteristici<\/p>\n<p>Brand Hurakan<\/p>\n<p>Parametri: 460x445x700 mm<\/p>\n<p>Putere: 0,3 kW<\/p>\n<p>Greutate net\u0103: 28 kg<\/p>\n<p>&nbsp;<\/p>\n","protected":false},"excerpt":{"rendered":"<p>Racitor de sucuri cu o capacitate de 2&#215;18 l. Putere: kW: 0,3; Tensiune: 230 V; Stare de temperatur\u0103: 7-12 \u00b0 C; Dimensiuni generale: 460x445x700 mm; Greutate: 28 kg.<\/p>\n","protected":false},"featured_media":3213,"template":"","meta":[],"_links":{"self":[{"href":"https:\/\/evotek.md\/ro\/wp-json\/wp\/v2\/product\/3214"}],"collection":[{"href":"https:\/\/evotek.md\/ro\/wp-json\/wp\/v2\/product"}],"about":[{"href":"https:\/\/evotek.md\/ro\/wp-json\/wp\/v2\/types\/product"}],"wp:featuredmedia":[{"embeddable":true,"href":"https:\/\/evotek.md\/ro\/wp-json\/wp\/v2\/media\/3213"}],"wp:attachment":[{"href":"https:\/\/evotek.md\/ro\/wp-json\/wp\/v2\/media?parent=3214"}],"curies":[{"name":"wp","href":"https:\/\/api.w.org\/{rel}","templated":true}]}}