{"id":32090,"date":"2022-07-29T14:37:35","date_gmt":"2022-07-29T14:37:35","guid":{"rendered":"https:\/\/evotek.md\/produse\/fara-categorie\/plus-power-rinse-detergent-pentru-apa-dura-larox-p1003-20\/"},"modified":"2022-07-29T14:37:35","modified_gmt":"2022-07-29T14:37:35","slug":"plus-power-rinse-detergent-pentru-apa-dura-larox-p1003-20","status":"publish","type":"product","link":"https:\/\/evotek.md\/ro\/produse\/solutii-pentru-curatare\/solutii-pentru-spalare-vase\/plus-power-rinse-detergent-pentru-apa-dura-larox-p1003-20\/","title":{"rendered":"PLUS POWER RINSE &#8211; DETERGENT PENTRU APA DURA -LAROX-P1003.20"},"content":{"rendered":"<p><strong>PLUS POWER RINSE &#8211; DETERGENT PENTRU APA DURA -LAROX-P1003.20<\/strong><\/p>\n","protected":false},"excerpt":{"rendered":"<p>Lichid de sp\u0103lat vase pentru ap\u0103 dur\u0103.<\/p>\n","protected":false},"featured_media":32089,"template":"","meta":[],"_links":{"self":[{"href":"https:\/\/evotek.md\/ro\/wp-json\/wp\/v2\/product\/32090"}],"collection":[{"href":"https:\/\/evotek.md\/ro\/wp-json\/wp\/v2\/product"}],"about":[{"href":"https:\/\/evotek.md\/ro\/wp-json\/wp\/v2\/types\/product"}],"wp:featuredmedia":[{"embeddable":true,"href":"https:\/\/evotek.md\/ro\/wp-json\/wp\/v2\/media\/32089"}],"wp:attachment":[{"href":"https:\/\/evotek.md\/ro\/wp-json\/wp\/v2\/media?parent=32090"}],"curies":[{"name":"wp","href":"https:\/\/api.w.org\/{rel}","templated":true}]}}