{"id":32086,"date":"2022-07-29T14:31:23","date_gmt":"2022-07-29T14:31:23","guid":{"rendered":"https:\/\/evotek.md\/produse\/fara-categorie\/plus-power-matic-detergent-pentru-apa-dura-larox-p1002-20\/"},"modified":"2022-07-29T14:31:23","modified_gmt":"2022-07-29T14:31:23","slug":"plus-power-matic-detergent-pentru-apa-dura-larox-p1002-20","status":"publish","type":"product","link":"https:\/\/evotek.md\/ro\/produse\/solutii-pentru-curatare\/solutii-pentru-spalare-vase\/plus-power-matic-detergent-pentru-apa-dura-larox-p1002-20\/","title":{"rendered":"PLUS POWER MATIC &#8211; DETERGENT PENTRU APA DURA -LAROX-P1002.20"},"content":{"rendered":"<p><strong>PLUS POWER MATIC &#8211; DETERGENT PENTRU APA DURA -LAROX-P1002.20<\/strong><\/p>\n","protected":false},"excerpt":{"rendered":"<p>Lichid de sp\u0103lat vase pentru ap\u0103 dur\u0103.<\/p>\n","protected":false},"featured_media":32085,"template":"","meta":[],"_links":{"self":[{"href":"https:\/\/evotek.md\/ro\/wp-json\/wp\/v2\/product\/32086"}],"collection":[{"href":"https:\/\/evotek.md\/ro\/wp-json\/wp\/v2\/product"}],"about":[{"href":"https:\/\/evotek.md\/ro\/wp-json\/wp\/v2\/types\/product"}],"wp:featuredmedia":[{"embeddable":true,"href":"https:\/\/evotek.md\/ro\/wp-json\/wp\/v2\/media\/32085"}],"wp:attachment":[{"href":"https:\/\/evotek.md\/ro\/wp-json\/wp\/v2\/media?parent=32086"}],"curies":[{"name":"wp","href":"https:\/\/api.w.org\/{rel}","templated":true}]}}