{"id":32082,"date":"2022-07-29T14:26:50","date_gmt":"2022-07-29T14:26:50","guid":{"rendered":"https:\/\/evotek.md\/produse\/fara-categorie\/detergent-pentru-apa-dura-larox-u1003-20\/"},"modified":"2022-07-29T14:26:50","modified_gmt":"2022-07-29T14:26:50","slug":"detergent-pentru-apa-dura-larox-u1003-20","status":"publish","type":"product","link":"https:\/\/evotek.md\/ro\/produse\/solutii-pentru-curatare\/solutii-pentru-spalare-vase\/detergent-pentru-apa-dura-larox-u1003-20\/","title":{"rendered":"DETERGENT PENTRU APA DURA -LAROX-U1003.20"},"content":{"rendered":"<p><strong>DETERGENT PENTRU APA DURA -LAROX-U1003.20<\/strong><\/p>\n","protected":false},"excerpt":{"rendered":"<p>Lichid de sp\u0103lat vase pentru ap\u0103 dur\u0103.<\/p>\n","protected":false},"featured_media":32081,"template":"","meta":[],"_links":{"self":[{"href":"https:\/\/evotek.md\/ro\/wp-json\/wp\/v2\/product\/32082"}],"collection":[{"href":"https:\/\/evotek.md\/ro\/wp-json\/wp\/v2\/product"}],"about":[{"href":"https:\/\/evotek.md\/ro\/wp-json\/wp\/v2\/types\/product"}],"wp:featuredmedia":[{"embeddable":true,"href":"https:\/\/evotek.md\/ro\/wp-json\/wp\/v2\/media\/32081"}],"wp:attachment":[{"href":"https:\/\/evotek.md\/ro\/wp-json\/wp\/v2\/media?parent=32082"}],"curies":[{"name":"wp","href":"https:\/\/api.w.org\/{rel}","templated":true}]}}