{"id":32060,"date":"2022-07-28T07:48:37","date_gmt":"2022-07-28T07:48:37","guid":{"rendered":"https:\/\/evotek.md\/produse\/fara-categorie\/vitrina-frigorifica-pentru-patiserie-kayman-krpc-950m-luxe-square-black\/"},"modified":"2023-01-20T14:57:45","modified_gmt":"2023-01-20T14:57:45","slug":"krpc-950%d0%bc","status":"publish","type":"product","link":"https:\/\/evotek.md\/ro\/produse\/echipamente-frigorifice\/vitrine-frigorifice-pentru-patiserie\/krpc-950%d0%bc\/","title":{"rendered":"VITRINA FRIGORIFICA PENTRU PATISERIE (DE LUX, PATRAT, GRI MAT) -KAYMAN KRPC-950\u041c"},"content":{"rendered":"<p><strong>VITRINA FRIGORIFICA PENTRU PATISERIE (DE LUX, PATRAT, GRI MAT) -KAYMAN KRPC-950\u041c<\/strong><\/p>\n<p>Caracteristici<br \/>\nParametri: (\u00eexlxl) 1255x950x695 mm<br \/>\nInterval de temperatur\u0103 0\u2026+7 \u00b0C<br \/>\nR\u0103cire dinamic\u0103<br \/>\nAgent frigorific R290<br \/>\nVolumul util: 0,43 mc<br \/>\nSuprafata vitrina frigorifica: 1,5 m2<br \/>\nUnitate de r\u0103cire \u00eencorporat\u0103<br \/>\n3 rafturi din sticla<br \/>\nCuloarea carcasei &#8211; negru<br \/>\nGreutate neta: 160 kg<\/p>\n","protected":false},"excerpt":{"rendered":"<p>Vitrina frigorifica pentru patiserie. Parametri: (\u00eexlxl) 1255x950x695 mm; Interval de temperatur\u0103 0\u2026+7 \u00b0C; R\u0103cire dinamic\u0103; Agent frigorific R290; Volumul util: 0,43 mc; Suprafata vitrina frigorifica: 1,5 m2; Unitate de r\u0103cire \u00eencorporat\u0103; 3 rafturi din sticla; Culoarea carcasei &#8211; negru; Greutate neta: 160 kg.<\/p>\n","protected":false},"featured_media":32059,"template":"","meta":[],"_links":{"self":[{"href":"https:\/\/evotek.md\/ro\/wp-json\/wp\/v2\/product\/32060"}],"collection":[{"href":"https:\/\/evotek.md\/ro\/wp-json\/wp\/v2\/product"}],"about":[{"href":"https:\/\/evotek.md\/ro\/wp-json\/wp\/v2\/types\/product"}],"wp:featuredmedia":[{"embeddable":true,"href":"https:\/\/evotek.md\/ro\/wp-json\/wp\/v2\/media\/32059"}],"wp:attachment":[{"href":"https:\/\/evotek.md\/ro\/wp-json\/wp\/v2\/media?parent=32060"}],"curies":[{"name":"wp","href":"https:\/\/api.w.org\/{rel}","templated":true}]}}