{"id":32047,"date":"2022-07-26T14:16:16","date_gmt":"2022-07-26T14:16:16","guid":{"rendered":"https:\/\/evotek.md\/produse\/fara-categorie\/support-pentru-pungi-si-duze-de-cofetarie-st-510000\/"},"modified":"2022-07-26T14:16:16","modified_gmt":"2022-07-26T14:16:16","slug":"support-pentru-pungi-si-duze-de-cofetarie-st-510000","status":"publish","type":"product","link":"https:\/\/evotek.md\/ro\/produse\/echipamente-pentru-bar-si-cafea\/accesorii-pentru-bar-2\/support-pentru-pungi-si-duze-de-cofetarie-st-510000\/","title":{"rendered":"SUPPORT PENTRU PUNGI \u0218I DUZE DE COFET\u0102RIE ST-510000"},"content":{"rendered":"<p><strong>SUPPORT PENTRU PUNGI \u0218I DUZE DE COFET\u0102RIE ST-510000-<\/strong> Suport pentru pungi \u0219i duze 510x520mm. locul perfect \u0219i sigur pentru a-\u021bi depozita pungile \u0219i duzele de cofet\u0103rie, astfel \u00eenc\u00e2t s\u0103 poat\u0103 fi v\u0103zute \u00een orice moment. Folosit adesea \u00een restaurante, cafenele, cofet\u0103rii \u0219i alte unit\u0103\u021bi de catering. Suportul pentru pungi de patiserie este realizat din o\u021bel inoxidabil de \u00eenalt\u0103 calitate, care se caracterizeaz\u0103 prin rezisten\u021b\u0103 ridicat\u0103 la acid \u0219i rezisten\u021b\u0103 la procesele de coroziune. Suportul pentru accesorii pentru patiserie include: 4 suporturi pentru pungi \u0219i 31 suporturi pentru duze.<\/p>\n<p>Caracteristici<br \/>\nDimensiuni: 510&#215;520 mm<br \/>\nMaterial: otel inoxidabil<\/p>\n","protected":false},"excerpt":{"rendered":"<p>Suport pentru pungi \u0219i duze de cofet\u0103rie. Dimensiuni: 510&#215;520 mm; Material: otel inoxidabil; Suportul pentru accesorii pentru patiserie include: 4 suporturi pentru pungi \u0219i 31 suporturi pentru duze.<\/p>\n","protected":false},"featured_media":32046,"template":"","meta":[],"_links":{"self":[{"href":"https:\/\/evotek.md\/ro\/wp-json\/wp\/v2\/product\/32047"}],"collection":[{"href":"https:\/\/evotek.md\/ro\/wp-json\/wp\/v2\/product"}],"about":[{"href":"https:\/\/evotek.md\/ro\/wp-json\/wp\/v2\/types\/product"}],"wp:featuredmedia":[{"embeddable":true,"href":"https:\/\/evotek.md\/ro\/wp-json\/wp\/v2\/media\/32046"}],"wp:attachment":[{"href":"https:\/\/evotek.md\/ro\/wp-json\/wp\/v2\/media?parent=32047"}],"curies":[{"name":"wp","href":"https:\/\/api.w.org\/{rel}","templated":true}]}}