{"id":32040,"date":"2022-07-25T07:09:42","date_gmt":"2022-07-25T07:09:42","guid":{"rendered":"https:\/\/evotek.md\/produse\/fara-categorie\/dulap-frigorific-ugur-uss-374-dtk\/"},"modified":"2022-12-02T08:17:03","modified_gmt":"2022-12-02T08:17:03","slug":"dulap-frigorific-ugur-uss-374-dtk","status":"publish","type":"product","link":"https:\/\/evotek.md\/ro\/produse\/echipamente-frigorifice\/dulapuri-frigorifice\/dulap-frigorific-ugur-uss-374-dtk\/","title":{"rendered":"DULAP FRIGORIFIC CU USA DIN STICLA 372 L &#8211; UGUR USS 374 DTK"},"content":{"rendered":"<p><strong>DULAP FRIGORIFIC CU USA DIN STICLA 372 L &#8211; UGUR USS 374 DTK-<\/strong> Dulapul frigorific este conceput pentru sectorul retail si este solutia optima pentru depozitarea produselor dumneavoastra, precum sticle, cutii de bauturi racoritoare, bere, legume, fructe, flori.<\/p>\n<p><strong>Particularitati:<\/strong><\/p>\n<p>U\u0219a folose\u0219te sticl\u0103 c\u0103lit\u0103 \u00eentr-un cadru de aluminiu<br \/>\nIluminare fluorescent\u0103 orizontal\u0103 intern\u0103<br \/>\nPoate fi echipat cu canape \u0219i \u00eencuietoare<br \/>\nPosibilitatea de aplicare a logo-ului clientului pe caroserie \u0219i u\u0219\u0103 \u00een fabric\u0103 sub form\u0103 de autocolant sau serigrafie<br \/>\nRafturile pot fi imprimate cu logo-ul dumneavoastr\u0103 sau echipate cu etichete de pre\u021b standard<\/p>\n<p><strong>Caracteristici<\/strong><br \/>\nInterval de temperatur\u0103: 1 p\u00e2n\u0103 la 10 \u00b0C<br \/>\nVolum: de la 345 la 372 l<br \/>\nUnitate frigorific\u0103 \u00eencorporat\u0103<br \/>\nVersiune u\u0219\u0103 transparent\u0103<br \/>\nTensiune: 220V<br \/>\nLatime: 595 mm<br \/>\nAd\u00e2ncime: 640 mm<br \/>\nInaltime: 1840 mm<br \/>\nGreutate: (fara ambalaj) 74 kg<br \/>\nGreutate: (cu ambalaj) 81 kg<br \/>\nculoare alba<br \/>\nNumar de rafturi: 5<br \/>\nCapacitate sticle 330 ml \/ sticle 500 ml (buc.(trist) 471\/238<br \/>\nClasa climatica: 4+ (30\u0421\/55%RH)<br \/>\nDimensiuni interioare: 505x462x1555 mm<br \/>\nDimensiuni exterioare cu ambalaj: 665x685x1940 mm<\/p>\n","protected":false},"excerpt":{"rendered":"<p>Interval de temperatur\u0103: 1 p\u00e2n\u0103 la 10 \u00b0C; Volum: de la 345 la 372 l; Unitate frigorific\u0103 \u00eencorporat\u0103; Versiune u\u0219\u0103 transparent\u0103; Tensiune: 220V; Latime: 595 mm; Ad\u00e2ncime: 640 mm; Inaltime: 1840 mm; Greutate: (fara ambalaj) 74 kg; Greutate: (cu ambalaj) 81 kg<br \/>\nculoare alba; Numar de rafturi: 5; Capacitate sticle 330 ml \/ sticle 500 ml (buc.(trist) 471\/238; Clasa climatica: 4+ (30\u0421\/55%RH); Dimensiuni interioare: 505x462x1555 mm; Dimensiuni exterioare cu ambalaj: 665x685x1940 mm.<\/p>\n","protected":false},"featured_media":32039,"template":"","meta":[],"_links":{"self":[{"href":"https:\/\/evotek.md\/ro\/wp-json\/wp\/v2\/product\/32040"}],"collection":[{"href":"https:\/\/evotek.md\/ro\/wp-json\/wp\/v2\/product"}],"about":[{"href":"https:\/\/evotek.md\/ro\/wp-json\/wp\/v2\/types\/product"}],"wp:featuredmedia":[{"embeddable":true,"href":"https:\/\/evotek.md\/ro\/wp-json\/wp\/v2\/media\/32039"}],"wp:attachment":[{"href":"https:\/\/evotek.md\/ro\/wp-json\/wp\/v2\/media?parent=32040"}],"curies":[{"name":"wp","href":"https:\/\/api.w.org\/{rel}","templated":true}]}}