{"id":3199,"date":"2020-02-27T10:07:00","date_gmt":"2020-02-27T10:08:24","guid":{"rendered":"https:\/\/evotek.md\/?post_type=product&#038;p=3199"},"modified":"2023-02-23T13:06:54","modified_gmt":"2023-02-23T13:06:54","slug":"storcator-pentru-citrice-hkn-spm-negru","status":"publish","type":"product","link":"https:\/\/evotek.md\/ro\/produse\/echipamente-electromecanice\/storcatoare-electrice\/storcator-pentru-citrice-hkn-spm-negru\/","title":{"rendered":"STORCATOR DE CITRICE NEGRU -HKN-SPM"},"content":{"rendered":"<p><strong>STORCATOR PENTRU CITRICE <\/strong><strong style=\"font-size: 14.4px\">NEGRU <\/strong><strong style=\"font-size: 14.4px\">-HKN-SPM-<\/strong><span style=\"font-size: 14.4px\">\u00a0solu\u021bie universal\u0103 pentru cafenele mici, restaurante, baruri, bufeturi care ofer\u0103 vizitatorilor sucuri proasp\u0103t stoarse din fructe \u0219i legume. Carcasa produsului este confec\u021bionat\u0103 din aluminiu, iar conul \u0219i grilajul sunt fabricate din plastic alimentar rezistent, care respect\u0103 toate standardele de calitate. Caracteristicile unui storc\u0103tor de suc: tip: conic; viteza de rota\u021bie &#8211; 1800 rota\u021bii pe minut; carcas\u0103 de \u00eenalt\u0103 rezisten\u021b\u0103; capacitate pentru suc finit; compactitatea; ergonomie; de securitate; comoditate \u00een func\u021bionare \u0219i depozitare.<\/span><\/p>\n<p>Caracteristici<\/p>\n<p>Brand Hurakan<\/p>\n<p>Parametri: 340x230x365 mm<\/p>\n<p>Putere: 0,18 kW<\/p>\n<p>Greutate net\u0103: 5 kg<\/p>\n<p>&nbsp;<\/p>\n","protected":false},"excerpt":{"rendered":"<p>Storc\u0103tor pentru citrice cu viteza de 1800 rota\u021bii pe minut. Dimensiunile modelului: 340x230x365 mm, greutate: 5 kg. Puterea este de 0,18 kW, tensiunea monofazat\u0103, 230 V.<\/p>\n","protected":false},"featured_media":3198,"template":"","meta":[],"_links":{"self":[{"href":"https:\/\/evotek.md\/ro\/wp-json\/wp\/v2\/product\/3199"}],"collection":[{"href":"https:\/\/evotek.md\/ro\/wp-json\/wp\/v2\/product"}],"about":[{"href":"https:\/\/evotek.md\/ro\/wp-json\/wp\/v2\/types\/product"}],"wp:featuredmedia":[{"embeddable":true,"href":"https:\/\/evotek.md\/ro\/wp-json\/wp\/v2\/media\/3198"}],"wp:attachment":[{"href":"https:\/\/evotek.md\/ro\/wp-json\/wp\/v2\/media?parent=3199"}],"curies":[{"name":"wp","href":"https:\/\/api.w.org\/{rel}","templated":true}]}}