{"id":31920,"date":"2022-07-01T13:34:14","date_gmt":"2022-07-01T13:34:14","guid":{"rendered":"https:\/\/evotek.md\/produse\/fara-categorie\/31920\/"},"modified":"2023-02-24T13:45:56","modified_gmt":"2023-02-24T13:45:56","slug":"hkn-p130","status":"publish","type":"product","link":"https:\/\/evotek.md\/ro\/produse\/echipamente-electromecanice\/masina-de-presat-carne-pentru-hamburger\/hkn-p130\/","title":{"rendered":"SET DE HARTIE PENTRU HAMBURGER \u00d8 150 mm (100 buc.) -HKN-P150"},"content":{"rendered":"<p><strong>SET DE HARTIE PENTRU HAMBURGER \u00d8 150 mm (100 buc.) -HKN-P150<\/strong><\/p>\n<p>Caracteristici<br \/>\nMaterial: h\u00e2rtie special\u0103 alimentar\u0103<br \/>\n\u00centr-un pachet 100 buc<br \/>\nDimensiuni totale, mm 150 (diametru)<\/p>\n","protected":false},"excerpt":{"rendered":"<p>Set de hartie pentru press de hamburger, cu diametru de 150 mm. Material: h\u00e2rtie special\u0103 alimentar\u0103; \u00centr-un pachet 100 buc; Dimensiuni totale, mm 150 (diametru).<\/p>\n","protected":false},"featured_media":2780,"template":"","meta":[],"_links":{"self":[{"href":"https:\/\/evotek.md\/ro\/wp-json\/wp\/v2\/product\/31920"}],"collection":[{"href":"https:\/\/evotek.md\/ro\/wp-json\/wp\/v2\/product"}],"about":[{"href":"https:\/\/evotek.md\/ro\/wp-json\/wp\/v2\/types\/product"}],"wp:featuredmedia":[{"embeddable":true,"href":"https:\/\/evotek.md\/ro\/wp-json\/wp\/v2\/media\/2780"}],"wp:attachment":[{"href":"https:\/\/evotek.md\/ro\/wp-json\/wp\/v2\/media?parent=31920"}],"curies":[{"name":"wp","href":"https:\/\/api.w.org\/{rel}","templated":true}]}}