{"id":31916,"date":"2022-07-01T13:10:58","date_gmt":"2022-07-01T13:10:58","guid":{"rendered":"https:\/\/evotek.md\/produse\/fara-categorie\/fierastrau-pentru-carne-hkn-se-1650\/"},"modified":"2023-03-02T13:16:34","modified_gmt":"2023-03-02T13:16:34","slug":"fierastrau-pentru-carne-hkn-se-1650","status":"publish","type":"product","link":"https:\/\/evotek.md\/ro\/produse\/echipamente-electromecanice\/ferestrau-de-carne-gastronomic\/fierastrau-pentru-carne-hkn-se-1650\/","title":{"rendered":"FIERASTRAU ELECTRIC PENTRU CARNE SI OASE -HKN-SE\/1650"},"content":{"rendered":"<p><strong>FIERASTRAU ELECTRIC PENTRU CARNE SI OASE -HKN-SE\/1650-<\/strong> Scopul principal este separarea sferurilor, jumatatilor de carcase, bucatilor de carne, carcaselor congelate de pasari si pestilor mari pentru gatirea ulterioara. Designul fer\u0103str\u0103ului const\u0103 dintr-un pat, o mas\u0103 de lucru, un motor electric, un \u00eentinz\u0103tor \u0219i o unitate de t\u0103iere. Acesta din urm\u0103, la r\u00e2ndul s\u0103u, include un scripete de antrenare \u0219i antrenat, pe care lama fer\u0103str\u0103ului se rote\u0219te continuu. Scrietul de antrenare este montat pe arborele motorului, iar fulia condus\u0103 este fixat\u0103 \u00een glisorul \u00eentinz\u0103tor. Pentru t\u0103iere, operatorul selecteaz\u0103 grosimea t\u0103ieturii \u0219i, folosind m\u00e2nerul de \u00eempingere, \u00eempinge cu grij\u0103 produsul a\u0219ezat pe masa de lucru departe de el pe muchia t\u0103ietoare a fer\u0103str\u0103ului. Corp din aluminiu anodizat.<\/p>\n<p>Caracteristici<br \/>\nDiametrul ro\u021bii de fer\u0103str\u0103u: 210 mm<br \/>\nLungimea lamei: 1650 mm<br \/>\nGrosime de t\u0103iere: 4-360 mm<br \/>\nInaltime maxima de taiere: 220 mm<br \/>\nDimensiune de taiere: 175x220mm<br \/>\nDimensiune suprafata de lucru: 400&#215;435 mm<br \/>\nDimensiuni totale (hxlxl): 955x530x515 mm<br \/>\nTensiune: 230V<br \/>\nPutere: 0,75 kW<br \/>\nGreutate neta: 36,30 kg<\/p>\n","protected":false},"excerpt":{"rendered":"<p>Ferastrau pentru carne. Diametrul ro\u021bii de fer\u0103str\u0103u: 210 mm; Lungimea lamei: 1650 mm; Grosime de t\u0103iere: 4-360 mm; Inaltime maxima de taiere: 220 mm; Dimensiune de taiere: 175x220mm; Dimensiune suprafata de lucru: 400&#215;435 mm; Dimensiuni totale (hxlxl): 955x530x515 mm; Tensiune: 230V; Putere: 0,75 kW; Greutate neta: 36,30 kg.<\/p>\n","protected":false},"featured_media":31915,"template":"","meta":[],"_links":{"self":[{"href":"https:\/\/evotek.md\/ro\/wp-json\/wp\/v2\/product\/31916"}],"collection":[{"href":"https:\/\/evotek.md\/ro\/wp-json\/wp\/v2\/product"}],"about":[{"href":"https:\/\/evotek.md\/ro\/wp-json\/wp\/v2\/types\/product"}],"wp:featuredmedia":[{"embeddable":true,"href":"https:\/\/evotek.md\/ro\/wp-json\/wp\/v2\/media\/31915"}],"wp:attachment":[{"href":"https:\/\/evotek.md\/ro\/wp-json\/wp\/v2\/media?parent=31916"}],"curies":[{"name":"wp","href":"https:\/\/api.w.org\/{rel}","templated":true}]}}