{"id":31860,"date":"2022-06-30T11:45:30","date_gmt":"2022-06-30T11:45:30","guid":{"rendered":"https:\/\/evotek.md\/produse\/fara-categorie\/vitrina-frigorifica-amitek-ak15233\/"},"modified":"2023-03-02T14:54:56","modified_gmt":"2023-03-02T14:54:56","slug":"vitrina-frigorifica-amitek-ak15233","status":"publish","type":"product","link":"https:\/\/evotek.md\/ro\/produse\/echipamente-frigorifice\/vitrine-saladete\/vitrina-frigorifica-amitek-ak15233\/","title":{"rendered":"VITRINA SALADETA, GN1\/3\u00d76, 140 \u0441\u043c -AMITEK-AK15233"},"content":{"rendered":"<p><strong style=\"font-size: 14.4px\">VITRINA SALADETA, GN1\/3\u00d76, 140 \u0441\u043c -AMITEK-AK15233- <\/strong><span style=\"font-size: 14.4px\">Vitrin\u0103 frigorific\u0103 cu o capacitate de 6\u00d71 \/ 3 GN \u0219i sticl\u0103 dreptunghiular\u0103. Este conceput\u0103 pentru p\u0103strarea prospe\u021bimii produselor \u0219i demonstra\u021bia lor \u00een institu\u021biile comerciale. Vitrinele au capacitatea de a r\u0103ci produsele \u0219i de a le p\u0103stra ca \u00een starea ini\u021bial\u0103 pentru o perioad\u0103 lung\u0103 de timp. Mai mult, datorit\u0103 suprafe\u021bei mari a sticlei, produsele gata preparate sunt bine expuse \u0219i atrag aten\u021bia cump\u0103r\u0103torilor. Facilit\u0103\u021bi: Regulator digital de temperatur\u0103; Echipat cu picioare reglabile; Rezervoare \u0219i capace exclusive standard; Carcasa \u0219i picioare sunt din inox.<\/span><\/p>\n<p>Caracteristici<br \/>\nDimensiuni: 1400x395x435 mm<br \/>\nCapacitate: 6\u00d71\/3 GN<br \/>\nAgent de r\u0103cire: R600a \/ CFC-free<br \/>\nTemperatura de la 0 \u00b0 la + 10 \u00b0 C<br \/>\nIzola\u021bie de protec\u021bie compact\u0103 50 mm<br \/>\nConexiune: 230 V \/ 50 Hz \/ 1 faz\u0103 200 W<br \/>\nGreutate net\u0103: 30 kg<\/p>\n<p>&nbsp;<\/p>\n","protected":false},"excerpt":{"rendered":"<p><span style=\"font-size: 14.4px\">Vitrin\u0103 frigorific\u0103 cu o capacitate de 6\u00d71 \/ 3 GN \u0219i sticl\u0103 dreptunghiular\u0103. <\/span>Dimensiuni: 1400x395x435 mm; Agent de r\u0103cire: R600a \/ CFC-free; Temperatura de la 0 \u00b0 la + 10 \u00b0 C; Izola\u021bie de protec\u021bie compact\u0103 50 mm; Conexiune: 230 V \/ 50 Hz \/ 1 faz\u0103 200 W; Greutate net\u0103: 30 kg.<\/p>\n<p>&nbsp;<\/p>\n","protected":false},"featured_media":31885,"template":"","meta":[],"_links":{"self":[{"href":"https:\/\/evotek.md\/ro\/wp-json\/wp\/v2\/product\/31860"}],"collection":[{"href":"https:\/\/evotek.md\/ro\/wp-json\/wp\/v2\/product"}],"about":[{"href":"https:\/\/evotek.md\/ro\/wp-json\/wp\/v2\/types\/product"}],"wp:featuredmedia":[{"embeddable":true,"href":"https:\/\/evotek.md\/ro\/wp-json\/wp\/v2\/media\/31885"}],"wp:attachment":[{"href":"https:\/\/evotek.md\/ro\/wp-json\/wp\/v2\/media?parent=31860"}],"curies":[{"name":"wp","href":"https:\/\/api.w.org\/{rel}","templated":true}]}}