{"id":31849,"date":"2022-06-29T15:06:18","date_gmt":"2022-06-29T15:06:18","guid":{"rendered":"https:\/\/evotek.md\/produse\/fara-categorie\/congelator-cu-soc-termic-amitek-abt50a\/"},"modified":"2022-07-18T09:21:53","modified_gmt":"2022-07-18T09:21:53","slug":"congelator-cu-soc-termic-amitek-abt50a","status":"publish","type":"product","link":"https:\/\/evotek.md\/ro\/produse\/echipamente-frigorifice\/congelator-cu-soc-termic\/congelator-cu-soc-termic-amitek-abt50a\/","title":{"rendered":"CONGELATOR CU SOC TERMIC 5 nivele Amitek-ABT50A"},"content":{"rendered":"<p><strong>CONGELATOR CU SOC TERMIC 5 nivele Amitek-ABT50A<\/strong>&#8211; Facilitati: Construc\u021bie exterioar\u0103 din o\u021bel inoxidabil; Celula interioara in intregime din otel inoxidabil AISI304; R\u0103cire ventilat\u0103; Grosimea izolatiei 60 mm; Controler digital cu programe hard\/soft pentru cicluri pozitive \u0219i negative; Func\u021bia de pre-r\u0103cire a celulei; Microcomutator oprire ventilator; Pastrare automata in frigider la sfarsitul ciclului; Raft deta\u0219abil pentru gr\u0103tare; Pas tav\u0103\/gril\u0103 65 mm; Sond\u0103 miez cu m\u00e2ner de 90\u00b0 inclus; U\u0219\u0103 reversibil\u0103 (este necesar un kit op\u021bional); Scurgere inferioar\u0103 \u0219i tav\u0103 de scurgere picioare reglabile din o\u021bel inoxidabil; Blat din o\u021bel inoxidabil disponibil la cerere.<\/p>\n<p>Caracteristici<br \/>\nPutere: 955 W<br \/>\nAlimentare: 230\/1H\/50<br \/>\nCapacitate de racire: 15 kg \/ +3 \u00b0C; 10 kg \/ -18 \u00b0C; la +90\u00b0C<br \/>\nAgent frigorific: R452a<br \/>\nTemperatura maxima \/ umiditate: +38 \u00b0C \/ 55% RH<br \/>\nDimensiune: 790x700x865h mm<br \/>\nDimensiuni interioare: 670x410x360h mm<br \/>\nNivele: 5 x GN1\/1 sau 5 x EN60x40<br \/>\nGreutate: 78 kg<\/p>\n","protected":false},"excerpt":{"rendered":"<p>Congelator cu \u0219oc termic. Putere: 955 W; Alimentare: 230\/1H\/50; Capacitate de racire: 15 kg \/ +3 \u00b0C; 10 kg \/ -18 \u00b0C; la +90\u00b0C; Agent frigorific: R452a; Temperatura maxima \/ umiditate: +38 \u00b0C \/ 55% RH; Dimensiune: 790x700x865h mm; Dimensiuni interioare: 670x410x360h mm; Nivele: 5 x GN1\/1 sau 5 x EN60x40; Greutate: 78 kg<\/p>\n","protected":false},"featured_media":31838,"template":"","meta":[],"_links":{"self":[{"href":"https:\/\/evotek.md\/ro\/wp-json\/wp\/v2\/product\/31849"}],"collection":[{"href":"https:\/\/evotek.md\/ro\/wp-json\/wp\/v2\/product"}],"about":[{"href":"https:\/\/evotek.md\/ro\/wp-json\/wp\/v2\/types\/product"}],"wp:featuredmedia":[{"embeddable":true,"href":"https:\/\/evotek.md\/ro\/wp-json\/wp\/v2\/media\/31838"}],"wp:attachment":[{"href":"https:\/\/evotek.md\/ro\/wp-json\/wp\/v2\/media?parent=31849"}],"curies":[{"name":"wp","href":"https:\/\/api.w.org\/{rel}","templated":true}]}}