{"id":31833,"date":"2022-06-29T14:21:42","date_gmt":"2022-06-29T14:21:42","guid":{"rendered":"https:\/\/evotek.md\/produse\/fara-categorie\/cutter-amitek-ta25k\/"},"modified":"2023-02-09T07:40:28","modified_gmt":"2023-02-09T07:40:28","slug":"cutter-amitek-ta25k","status":"publish","type":"product","link":"https:\/\/evotek.md\/ro\/produse\/echipamente-electromecanice\/feliatoare-legume-si-cutite-feliatoare\/cutter-amitek-ta25k\/","title":{"rendered":"FELIATOR DE LEGUME Amitek-TA25K"},"content":{"rendered":"<p><strong>FELIATOR DE LEGUME Amitek-TA25K-<\/strong> Facilit\u0103\u021bi: Construc\u021bie din aluminiu turnat sub presiune \u0219i aliaj de magneziu; Husa detasabila din aluminiu; Elemente de control cu \u200b\u200bplaca electronica de joasa tensiune; Micro\u00eentrerup\u0103tor de siguran\u021b\u0103 pe capac \u0219i m\u00e2ner; Motor ventilat; Curele; Echipat cu cinci discuri de t\u0103iere (dou\u0103 discuri de feliere de 2 \u0219i 4 mm; trei discuri de r\u0103z\u0103toare\/julienne de 3, 4 \u0219i 7 mm).<\/p>\n<p>Caracteristici<br \/>\nPutere: 550W<br \/>\nAlimentare: 230v\/1H\/50<br \/>\nDimensiuni: 230x570x510h mm<br \/>\nDisc: 270 rpm<br \/>\nTotal: 23 kg<\/p>\n","protected":false},"excerpt":{"rendered":"<p>Feliator de legume. Putere: 550W; Alimentare: 230v\/1H\/50; Dimensiuni: 230x570x510h mm; Disc: 270 rpm; Total: 23 kg.<\/p>\n","protected":false},"featured_media":32019,"template":"","meta":[],"_links":{"self":[{"href":"https:\/\/evotek.md\/ro\/wp-json\/wp\/v2\/product\/31833"}],"collection":[{"href":"https:\/\/evotek.md\/ro\/wp-json\/wp\/v2\/product"}],"about":[{"href":"https:\/\/evotek.md\/ro\/wp-json\/wp\/v2\/types\/product"}],"wp:featuredmedia":[{"embeddable":true,"href":"https:\/\/evotek.md\/ro\/wp-json\/wp\/v2\/media\/32019"}],"wp:attachment":[{"href":"https:\/\/evotek.md\/ro\/wp-json\/wp\/v2\/media?parent=31833"}],"curies":[{"name":"wp","href":"https:\/\/api.w.org\/{rel}","templated":true}]}}