{"id":31827,"date":"2022-06-29T13:51:38","date_gmt":"2022-06-29T13:51:38","guid":{"rendered":"https:\/\/evotek.md\/produse\/fara-categorie\/masa-congelator-580-l-amitek-ak3104pm\/"},"modified":"2023-01-27T13:40:03","modified_gmt":"2023-01-27T13:40:03","slug":"masa-congelator-580-l-amitek-ak3104pm","status":"publish","type":"product","link":"https:\/\/evotek.md\/ro\/produse\/echipamente-frigorifice\/masa-congelator\/masa-congelator-580-l-amitek-ak3104pm\/","title":{"rendered":"MASA CONGELATOR 3 USI 580 L -AK3104PM"},"content":{"rendered":"<p><strong>MASA CONGELATOR 3 USI 580 L -AK3104PM-<\/strong> Facilit\u0103\u021bi: Constructie interioara si externa din otel inoxidabil; R\u0103cire ventilat\u0103 cu evaporator anticoroziv; Recircularea aerului rece; Unitate frigorific\u0103 \u00eencorporat\u0103 deta\u0219abil\u0103; Controler digital; Carcasa usei cu incalzire anticondens; Evaporarea automat\u0103 a condensului; Grosimea izolatiei 60 mm; Tampoane magnetice usor demontabile; Margini interioare rotunjite; Compartiment de service cu blocare cu cheie; Panouri exterioare inferioare \u0219i spate din o\u021bel galvanizat; Picioare reglabile din o\u021bel inoxidabil; Echipat cu 3 rafturi 600&#215;400 mm.<\/p>\n<p>Caracteristici<br \/>\nClasa energetica D (2015\/1094\/UE)<br \/>\nClasa climatica: 4<br \/>\nPutere: 320 W<br \/>\nAlimentare: 230\/1H\/50<br \/>\nInterval de temperatur\u0103: -2 \u00f7 +8 \u00b0\u0421<br \/>\nTip de agent frigorific: R290<br \/>\nTemperatura maxima \/ umiditate: +40 \u00b0C \/ 60% RH<br \/>\nDimensiuni: 2020x800x850h mm<br \/>\nDimensiuni interioare: 1562x630x589h mm<br \/>\nCapacitate: 580 l<br \/>\nRafturi: 3 x 600&#215;400 mm<br \/>\nGreutate: 138 kg<\/p>\n","protected":false},"excerpt":{"rendered":"<p>Masa congelator cu 3 usi cu o capacitate de 580 l. Clasa energetica D (2015\/1094\/UE); Clasa climatica: 4; Putere: 320 W; Alimentare: 230\/1H\/50; Interval de temperatur\u0103: -2 \u00f7 +8 \u00b0\u0421; Tip de agent frigorific: R290; Temperatura maxima \/ umiditate: +40 \u00b0C \/ 60% RH; Dimensiuni: 2020x800x850h mm; Dimensiuni interioare: 1562x630x589h mm; Capacitate: 580 l; Rafturi: 3 x 600&#215;400 mm; Greutate: 138 kg.<\/p>\n","protected":false},"featured_media":32017,"template":"","meta":[],"_links":{"self":[{"href":"https:\/\/evotek.md\/ro\/wp-json\/wp\/v2\/product\/31827"}],"collection":[{"href":"https:\/\/evotek.md\/ro\/wp-json\/wp\/v2\/product"}],"about":[{"href":"https:\/\/evotek.md\/ro\/wp-json\/wp\/v2\/types\/product"}],"wp:featuredmedia":[{"embeddable":true,"href":"https:\/\/evotek.md\/ro\/wp-json\/wp\/v2\/media\/32017"}],"wp:attachment":[{"href":"https:\/\/evotek.md\/ro\/wp-json\/wp\/v2\/media?parent=31827"}],"curies":[{"name":"wp","href":"https:\/\/api.w.org\/{rel}","templated":true}]}}