{"id":31822,"date":"2022-06-29T12:59:34","date_gmt":"2022-06-29T12:59:34","guid":{"rendered":"https:\/\/evotek.md\/produse\/fara-categorie\/masa-frigorifera-pentru-pizza-cu-blat-din-granit-amitek-ak2602tn\/"},"modified":"2023-03-03T14:26:55","modified_gmt":"2023-03-03T14:26:55","slug":"masa-frigorifera-pentru-pizza-cu-blat-din-granit-amitek-ak2602tn","status":"publish","type":"product","link":"https:\/\/evotek.md\/ro\/produse\/echipamente-frigorifice\/masa-frigider-pentru-pizza\/masa-frigorifera-pentru-pizza-cu-blat-din-granit-amitek-ak2602tn\/","title":{"rendered":"MASA FRIGORIFICA CU BLAT DIN GRANIT, 2 USI, 390 LITRI -Amitek-AK2602TN"},"content":{"rendered":"<p><strong>MASA FRIGORIFICA CU BLAT DIN GRANIT, 2 USI, 390 LITRI -Amitek-AK2602TN-<\/strong> Caracteristici: Design interior si exterior din otel inoxidabil; Blat din granit; bordur din spate ridicat de 20 cm; R\u0103cire ventilat\u0103 cu evaporator anticoroziv; Recircularea aerului rece; Unitate frigorific\u0103 \u00eencorporat\u0103 deta\u0219abil\u0103; Controler digital; Carcasa usii cu incalzire anticondens; Evaporarea automat\u0103 a condensului; Grosimea izolatiei 60 mm; Tampoane magnetice usor demontabile; Margini interioare rotunjite; Compartiment de service cu blocare cu cheie; Panouri exterioare inferioare \u0219i spate din o\u021bel galvanizat; Picioare reglabile din o\u021bel inoxidabil; Echipat cu 2 rafturi 600&#215;400 mm.<\/p>\n<p>Caracteristici<br \/>\nClasa energetica: B (2015\/1094\/UE)<br \/>\nClasa climatica: 5<br \/>\nPutere: 300 W<br \/>\nAlimentare: 230\/1H\/50<br \/>\nInterval de temperatur\u0103: -2 \u00f7 +8 \u00b0\u0421<br \/>\nTip de agent frigorific: R600a<br \/>\nTemperatura maxima \/ umiditate: +40 \u00b0C \/ 60% RH<br \/>\nDimensiuni: 1510x800x1050h mm<br \/>\nDimensiuni interioare: 1052x630x589h mm<br \/>\nCapacitate: 390 l<br \/>\nRafturi: 2 x 600&#215;400 mm<br \/>\nGreutate: 228 kg<\/p>\n","protected":false},"excerpt":{"rendered":"<p>Mas\u0103 frigorific\u0103 pentru pizza cu blat din granit. Clasa energetica: B (2015\/1094\/UE); Clasa climatica: 5; Putere: 300 W; Alimentare: 230\/1H\/50; Interval de temperatur\u0103: -2 \u00f7 +8 \u00b0\u0421; Tip de agent frigorific: R600a; Temperatura maxima \/ umiditate: +40 \u00b0C \/ 60% RH; Dimensiuni: 1510x800x1050h mm; Dimensiuni interioare: 1052x630x589h mm; Capacitate: 390 l; Rafturi: 2 x 600&#215;400 mm; Greutate: 228 kg<\/p>\n","protected":false},"featured_media":32013,"template":"","meta":[],"_links":{"self":[{"href":"https:\/\/evotek.md\/ro\/wp-json\/wp\/v2\/product\/31822"}],"collection":[{"href":"https:\/\/evotek.md\/ro\/wp-json\/wp\/v2\/product"}],"about":[{"href":"https:\/\/evotek.md\/ro\/wp-json\/wp\/v2\/types\/product"}],"wp:featuredmedia":[{"embeddable":true,"href":"https:\/\/evotek.md\/ro\/wp-json\/wp\/v2\/media\/32013"}],"wp:attachment":[{"href":"https:\/\/evotek.md\/ro\/wp-json\/wp\/v2\/media?parent=31822"}],"curies":[{"name":"wp","href":"https:\/\/api.w.org\/{rel}","templated":true}]}}