{"id":31818,"date":"2022-06-29T12:28:45","date_gmt":"2022-06-29T12:28:45","guid":{"rendered":"https:\/\/evotek.md\/produse\/fara-categorie\/congelare-cu-soc-termic-amitek-avt101\/"},"modified":"2022-07-18T09:22:16","modified_gmt":"2022-07-18T09:22:16","slug":"congelare-cu-soc-termic-amitek-avt101","status":"publish","type":"product","link":"https:\/\/evotek.md\/ro\/produse\/echipamente-frigorifice\/congelator-cu-soc-termic\/congelare-cu-soc-termic-amitek-avt101\/","title":{"rendered":"CONGELARE CU SOC TERMIC 10 nivele Amitek-ABT101"},"content":{"rendered":"<p><strong>CONGELARE CU SOC TERMIC 10 nivele Amitek-ABT101-<\/strong> Facilit\u0103\u021bi: Construc\u021bie interioar\u0103 \u0219i exterioar\u0103 din o\u021bel inoxidabil AISI304; R\u0103cire ventilat\u0103<br \/>\ngrosime izolatie 65 mm; Controler digital Dixell\u00ae cu 4 programe stocate; Cadru de usa cu incalzire anticondens; Microcomutator oprire ventilator; Pastrare automata in frigider la sfarsitul ciclului; Dezghe\u021bare automat\u0103 \u0219i evaporare automat\u0103 a condensului; Raft deta\u0219abil pentru gr\u0103tare; Pas tav\u0103\/gril\u0103 60 mm; Usa ireversibila; Sond\u0103 miez cu m\u00e2ner de 90\u00b0 inclus; 4 role (2 cu frana); Partea superioar\u0103 din o\u021bel inoxidabil.<\/p>\n<p>Caracteristici<br \/>\nPutere: 980 wa\u021bi<br \/>\nPutere: 230\/1H\/50<br \/>\nCapacitate de racire: 40 kg \/ +3 \u00b0C; 28 kg \/ -18\u00b0\u0421; la +90 \u00b0\u0421<br \/>\nAgent frigorific: R290<br \/>\nTemperatura maxima \/ Umiditate: +38\u00b0C \/ 55% HR<br \/>\nDimensiuni exterioare: 800x800x1502 mm<br \/>\nDimensiuni interioare: 670x410x730h mm<br \/>\nNivele: 10 x GN 1\/1 sau 10 x EN 60&#215;40<br \/>\nGreutate: 129 kg<\/p>\n","protected":false},"excerpt":{"rendered":"<p>Congelator cu \u0219oc termic. Putere: 980 wa\u021bi; Putere: 230\/1H\/50; Capacitate de racire: 40 kg \/ +3 \u00b0C; 28 kg \/ -18\u00b0\u0421; la +90 \u00b0\u0421; Agent frigorific: R290; Temperatura maxima \/ Umiditate: +38\u00b0C \/ 55% HR; Dimensiuni exterioare: 800x800x1502 mm; Dimensiuni interioare: 670x410x730h mm; Nivele: 10 x GN 1\/1 sau 10 x EN 60&#215;40; Greutate: 129 kg.<\/p>\n","protected":false},"featured_media":32005,"template":"","meta":[],"_links":{"self":[{"href":"https:\/\/evotek.md\/ro\/wp-json\/wp\/v2\/product\/31818"}],"collection":[{"href":"https:\/\/evotek.md\/ro\/wp-json\/wp\/v2\/product"}],"about":[{"href":"https:\/\/evotek.md\/ro\/wp-json\/wp\/v2\/types\/product"}],"wp:featuredmedia":[{"embeddable":true,"href":"https:\/\/evotek.md\/ro\/wp-json\/wp\/v2\/media\/32005"}],"wp:attachment":[{"href":"https:\/\/evotek.md\/ro\/wp-json\/wp\/v2\/media?parent=31818"}],"curies":[{"name":"wp","href":"https:\/\/api.w.org\/{rel}","templated":true}]}}