{"id":31790,"date":"2022-06-29T10:17:21","date_gmt":"2022-06-29T10:17:21","guid":{"rendered":"https:\/\/evotek.md\/produse\/fara-categorie\/element-de-incalzire-pentru-aparat-de-clatite-m-09303040\/"},"modified":"2022-06-29T10:17:21","modified_gmt":"2022-06-29T10:17:21","slug":"element-de-incalzire-pentru-aparat-de-clatite-m-09303040","status":"publish","type":"product","link":"https:\/\/evotek.md\/ro\/produse\/piese-de-schimb\/piese-de-schimb-suplimentare\/element-de-incalzire-pentru-aparat-de-clatite-m-09303040\/","title":{"rendered":"ELEMENT DE INCALZIRE PENTRU APARAT DE CLATITE\u00a0M-09303040"},"content":{"rendered":"<p><strong>ELEMENT DE INCALZIRE PENTRU APARAT DE CLATITE\u00a0M-09303040<\/strong><\/p>\n","protected":false},"excerpt":{"rendered":"<p>Element de \u00eenc\u0103lzire pentru aparat de cl\u0103tite.<\/p>\n","protected":false},"featured_media":0,"template":"","meta":[],"_links":{"self":[{"href":"https:\/\/evotek.md\/ro\/wp-json\/wp\/v2\/product\/31790"}],"collection":[{"href":"https:\/\/evotek.md\/ro\/wp-json\/wp\/v2\/product"}],"about":[{"href":"https:\/\/evotek.md\/ro\/wp-json\/wp\/v2\/types\/product"}],"wp:attachment":[{"href":"https:\/\/evotek.md\/ro\/wp-json\/wp\/v2\/media?parent=31790"}],"curies":[{"name":"wp","href":"https:\/\/api.w.org\/{rel}","templated":true}]}}